{"id":12,"date":"2018-12-12T10:49:39","date_gmt":"2018-12-12T10:49:39","guid":{"rendered":"https:\/\/asesoresmolina.com\/asesoria-empresas\/?page_id=12"},"modified":"2019-02-15T13:20:23","modified_gmt":"2019-02-15T13:20:23","slug":"inicio","status":"publish","type":"page","link":"https:\/\/asesoresmolina.com\/asesoria-empresas\/","title":{"rendered":"Inicio"},"content":{"rendered":"<p>[et_pb_section bb_built=\u00bb1&#8243; _builder_version=\u00bb3.19.11&#8243; background_image=\u00bbhttps:\/\/asesoresmolina.com\/asesoria-empresas\/wp-content\/uploads\/2019\/02\/asesores-vallecas-villa-ensanche.jpg\u00bb background_blend=\u00bbmultiply\u00bb custom_padding=\u00bb20px||20px|\u00bb next_background_color=\u00bb#ffffff\u00bb][et_pb_row make_equal=\u00bbon\u00bb module_class_1=\u00bbds-vertical-align\u00bb module_class_2=\u00bbds-vertical-align\u00bb _builder_version=\u00bb3.19.11&#8243; background_size=\u00bbinitial\u00bb background_position=\u00bbtop_left\u00bb background_repeat=\u00bbrepeat\u00bb][et_pb_column type=\u00bb1_2&#8243;][et_pb_text _builder_version=\u00bb3.19.11&#8243; header_font=\u00bb||||||||\u00bb header_font_size=\u00bb42px\u00bb header_font_size_tablet=\u00bb38px\u00bb header_font_size_phone=\u00bb34px\u00bb header_font_size_last_edited=\u00bbon|tablet\u00bb background_layout=\u00bbdark\u00bb custom_padding=\u00bb20px||20px|\u00bb]<\/p>\n<h1 style=\"text-align: center;\">Asesor\u00eda de empresas<\/h1>\n<p>[\/et_pb_text][et_pb_text _builder_version=\u00bb3.19.11&#8243; text_orientation=\u00bbjustified\u00bb background_layout=\u00bbdark\u00bb]<\/p>\n<p>Nos dedicamos principalmente al asesoramiento fiscal, econ\u00f3mico y laboral de la peque\u00f1a y mediana empresa, facilitando a nuestros clientes sus obligaciones en estos campos y en general con todas las administraciones.<\/p>\n<p>Estamos especializados cada uno en su \u00e1rea, pero a la vez muy integrados en el trabajo de equipo para detectar todas las sinergias de nuestros clientes. Nuestro mayor valor es la comunicaci\u00f3n directa con el cliente y dentro de nuestro propio equipo.<\/p>\n<p>Nos avala una experiencia y trayectoria de m\u00e1s de 30 a\u00f1os.<\/p>\n<p>[\/et_pb_text][\/et_pb_column][et_pb_column type=\u00bb1_2&#8243;][et_pb_text _builder_version=\u00bb3.19.11&#8243; text_font=\u00bb||||||||\u00bb header_font=\u00bb||||||||\u00bb header_font_size=\u00bb39px\u00bb text_orientation=\u00bbcenter\u00bb background_layout=\u00bbdark\u00bb hover_enabled=\u00bb0&#8243; custom_margin_last_edited=\u00bbon|phone\u00bb custom_margin_tablet=\u00bb||10px\u00bb custom_margin_phone=\u00bb||5px\u00bb]<\/p>\n<h1>91 332 45 29<\/h1>\n<p>[\/et_pb_text][et_pb_text _builder_version=\u00bb3.19.11&#8243; text_font=\u00bb||||||||\u00bb text_font_size=\u00bb21px\u00bb header_font=\u00bb||||||||\u00bb header_font_size=\u00bb39px\u00bb text_orientation=\u00bbcenter\u00bb background_layout=\u00bbdark\u00bb hover_enabled=\u00bb0&#8243; text_font_size_last_edited=\u00bbon|tablet\u00bb text_font_size_phone=\u00bb17px\u00bb]<\/p>\n<p>asesoresmolina@asesoresmolina.com<\/p>\n<p>[\/et_pb_text][\/et_pb_column][\/et_pb_row][\/et_pb_section][et_pb_section bb_built=\u00bb1&#8243; fullwidth=\u00bbon\u00bb _builder_version=\u00bb3.18.9&#8243; custom_padding=\u00bb0px||0px|\u00bb prev_background_color=\u00bb#000000&#8243; next_background_color=\u00bb#000000&#8243;][et_pb_fullwidth_header title=\u00bb\u00c1REAS DE GESTI\u00d3N\u00bb text_orientation=\u00bbcenter\u00bb _builder_version=\u00bb3.18.9&#8243; custom_padding=\u00bb0px||0px|\u00bb]<\/p>\n<p>[\/et_pb_fullwidth_header][\/et_pb_section][et_pb_section bb_built=\u00bb1&#8243; _builder_version=\u00bb3.18.9&#8243; custom_padding=\u00bb40px|0px|54px|0px|false|false\u00bb prev_background_color=\u00bb#000000&#8243; next_background_color=\u00bb#000000&#8243;][et_pb_row use_custom_gutter=\u00bbon\u00bb gutter_width=\u00bb2&#8243; custom_padding=\u00bb0|0px|27px|0px|false|false\u00bb _builder_version=\u00bb3.18.9&#8243;][et_pb_column type=\u00bb1_3&#8243;][et_pb_blurb title=\u00bb\u00c1REA FISCAL\u00bb _builder_version=\u00bb3.19.11&#8243; background_color=\u00bbrgba(26,75,141,0.5)\u00bb background_image=\u00bbhttps:\/\/asesoresmolina.com\/asesoria-empresas\/wp-content\/uploads\/2019\/02\/asesoria-contable.png\u00bb background_blend=\u00bbmultiply\u00bb text_orientation=\u00bbcenter\u00bb background_layout=\u00bbdark\u00bb custom_padding=\u00bb100px||100px|\u00bb link_option_url=\u00bbhttps:\/\/asesoresmolina.com\/asesoria-empresas\/area-fiscal\/\u00bb background__hover_enabled=\u00bbon\u00bb background_color__hover=\u00bbrgba(26,75,141,0.8)\u00bb \/][\/et_pb_column][et_pb_column type=\u00bb1_3&#8243;][et_pb_blurb title=\u00bb\u00c1REA LABORAL\u00bb _builder_version=\u00bb3.19.11&#8243; background_color=\u00bbrgba(26,75,141,0.5)\u00bb background_image=\u00bbhttps:\/\/asesoresmolina.com\/asesoria-empresas\/wp-content\/uploads\/2019\/02\/asesoria-area-laboral-la-gavia-1.jpg\u00bb background_blend=\u00bbmultiply\u00bb text_orientation=\u00bbcenter\u00bb background_layout=\u00bbdark\u00bb custom_padding=\u00bb100px||100px|\u00bb link_option_url=\u00bbhttps:\/\/asesoresmolina.com\/asesoria-empresas\/area-laboral\/\u00bb background__hover_enabled=\u00bbon\u00bb background_color__hover=\u00bbrgba(26,75,141,0.8)\u00bb \/][\/et_pb_column][et_pb_column type=\u00bb1_3&#8243;][et_pb_blurb title=\u00bb\u00c1REA JUR\u00cdDICA\u00bb _builder_version=\u00bb3.19.11&#8243; background_color=\u00bbrgba(26,75,141,0.5)\u00bb background_image=\u00bbhttps:\/\/asesoresmolina.com\/asesoria-empresas\/wp-content\/uploads\/2019\/02\/area-juridica.jpg\u00bb background_blend=\u00bbmultiply\u00bb text_orientation=\u00bbcenter\u00bb background_layout=\u00bbdark\u00bb custom_padding=\u00bb100px||100px|\u00bb link_option_url=\u00bbhttps:\/\/asesoresmolina.com\/asesoria-empresas\/area-juridica\/\u00bb background__hover_enabled=\u00bbon\u00bb background_color__hover=\u00bbrgba(26,75,141,0.8)\u00bb \/][\/et_pb_column][\/et_pb_row][et_pb_row use_custom_gutter=\u00bbon\u00bb gutter_width=\u00bb2&#8243; custom_padding=\u00bb0|0px|27px|0px|false|false\u00bb _builder_version=\u00bb3.18.9&#8243;][et_pb_column type=\u00bb1_2&#8243;][et_pb_blurb title=\u00bbESCRITURAS Y CONTRATOS\u00bb _builder_version=\u00bb3.19.11&#8243; background_color=\u00bbrgba(26,75,141,0.5)\u00bb background_image=\u00bbhttps:\/\/asesoresmolina.com\/asesoria-empresas\/wp-content\/uploads\/2019\/02\/escrituras-contratos.jpg\u00bb background_blend=\u00bbmultiply\u00bb text_orientation=\u00bbcenter\u00bb background_layout=\u00bbdark\u00bb custom_padding=\u00bb120px||120px|\u00bb link_option_url=\u00bbhttps:\/\/asesoresmolina.com\/asesoria-empresas\/tramitacion-de-escrituras-y-contratos\/\u00bb background__hover_enabled=\u00bbon\u00bb background_color__hover=\u00bbrgba(26,75,141,0.8)\u00bb \/][\/et_pb_column][et_pb_column type=\u00bb1_2&#8243;][et_pb_blurb title=\u00bb\u00c1REA ECON\u00d3MICA Y CONTABLE\u00bb _builder_version=\u00bb3.19.11&#8243; background_color=\u00bbrgba(26,75,141,0.5)\u00bb background_image=\u00bbhttps:\/\/asesoresmolina.com\/asesoria-empresas\/wp-content\/uploads\/2019\/02\/contable.jpg\u00bb background_blend=\u00bbmultiply\u00bb text_orientation=\u00bbcenter\u00bb background_layout=\u00bbdark\u00bb custom_padding=\u00bb120px||120px|\u00bb link_option_url=\u00bbhttps:\/\/asesoresmolina.com\/asesoria-empresas\/area-economica-y-contable\/\u00bb background__hover_enabled=\u00bbon\u00bb background_color__hover=\u00bbrgba(26,75,141,0.8)\u00bb \/][\/et_pb_column][\/et_pb_row][\/et_pb_section][et_pb_section bb_built=\u00bb1&#8243; fullwidth=\u00bbon\u00bb _builder_version=\u00bb3.18.9&#8243; custom_padding=\u00bb0px||0px|\u00bb prev_background_color=\u00bb#000000&#8243; next_background_color=\u00bb#0e4c8d\u00bb][et_pb_fullwidth_header text_orientation=\u00bbcenter\u00bb _builder_version=\u00bb3.19.11&#8243; custom_padding=\u00bb0px||0px|\u00bb]<\/p>\n<p>[\/et_pb_fullwidth_header][\/et_pb_section][et_pb_section bb_built=\u00bb1&#8243; _builder_version=\u00bb3.19.11&#8243; background_color=\u00bb#0e4c8d\u00bb custom_padding=\u00bb0px||0px\u00bb prev_background_color=\u00bb#ffffff\u00bb next_background_color=\u00bb#ffffff\u00bb][et_pb_row _builder_version=\u00bb3.19.11&#8243;][et_pb_column type=\u00bb4_4&#8243;][et_pb_text _builder_version=\u00bb3.19.11&#8243; text_font=\u00bb||||||||\u00bb background_layout=\u00bbdark\u00bb custom_margin=\u00bb||15px\u00bb]<\/p>\n<h4 style=\"text-align: center;\">Calle Pe\u00f1aranda de Bracamonte, 6.<\/h4>\n<h4 style=\"text-align: center;\">Esquina Calle Mazater\u00f3n &#8211; 28051 Madrid<\/h4>\n<p>[\/et_pb_text][et_pb_text _builder_version=\u00bb3.19.11&#8243; text_font=\u00bb||||||||\u00bb background_layout=\u00bbdark\u00bb custom_margin=\u00bb||15px\u00bb]<\/p>\n<h2 style=\"text-align: center;\">91 332 45 29<\/h2>\n<p>[\/et_pb_text][et_pb_text _builder_version=\u00bb3.19.11&#8243; text_font=\u00bb||||||||\u00bb background_layout=\u00bbdark\u00bb hover_enabled=\u00bb0&#8243; header_4_font=\u00bb||||||||\u00bb header_4_font_size_last_edited=\u00bbon|phone\u00bb header_4_font_size_phone=\u00bb16px\u00bb]<\/p>\n<h4 style=\"text-align: center;\">asesoresmolina@asesoresmolina.com<\/h4>\n<p>[\/et_pb_text][\/et_pb_column][\/et_pb_row][\/et_pb_section][et_pb_section bb_built=\u00bb1&#8243; fullwidth=\u00bbon\u00bb _builder_version=\u00bb3.18.9&#8243; prev_background_color=\u00bb#0e4c8d\u00bb][et_pb_fullwidth_map address=\u00bbCalle Pe\u00f1aranda de Bracamonte, 6, 28051 Madrid, Espa\u00f1a\u00bb zoom_level=\u00bb15&#8243; address_lat=\u00bb40.37586265802183&#8243; address_lng=\u00bb-3.6044071521148453&#8243; mouse_wheel=\u00bboff\u00bb _builder_version=\u00bb3.19.11&#8243;][et_pb_map_pin pin_address=\u00bbCalle Pe\u00f1aranda de Bracamonte, 6, 28051 Madrid, Espa\u00f1a\u00bb pin_address_lat=\u00bb40.37491454294813&#8243; pin_address_lng=\u00bb-3.604391058860756&#8243; _builder_version=\u00bb3.19.11&#8243;][\/et_pb_map_pin][\/et_pb_fullwidth_map][\/et_pb_section]<\/p>\n","protected":false},"excerpt":{"rendered":"<p>Asesor\u00eda de empresas Nos dedicamos principalmente al asesoramiento fiscal, econ\u00f3mico y laboral de la peque\u00f1a y mediana empresa, facilitando a nuestros clientes sus obligaciones en estos campos y en general con todas las administraciones. Estamos especializados cada uno en su \u00e1rea, pero a la vez muy integrados en el trabajo de equipo para detectar todas [&hellip;]<\/p>\n","protected":false},"author":1,"featured_media":0,"parent":0,"menu_order":0,"comment_status":"closed","ping_status":"closed","template":"","meta":{"_et_pb_use_builder":"on","_et_pb_old_content":"","_et_gb_content_width":"","footnotes":""},"class_list":["post-12","page","type-page","status-publish","hentry"],"yoast_head":"<!-- This site is optimized with the Yoast SEO plugin v27.4 - https:\/\/yoast.com\/product\/yoast-seo-wordpress\/ -->\n<title>Inicio - Asesores Molina Fiscal Laboral Contable Econ\u00f3mico y Jur\u00eddico<\/title>\n<meta name=\"robots\" content=\"index, follow, max-snippet:-1, max-image-preview:large, max-video-preview:-1\" \/>\n<link rel=\"canonical\" href=\"https:\/\/asesoresmolina.com\/asesoria-empresas\/\" \/>\n<meta property=\"og:locale\" content=\"es_ES\" \/>\n<meta property=\"og:type\" content=\"article\" \/>\n<meta property=\"og:title\" content=\"Inicio - Asesores Molina Fiscal Laboral Contable Econ\u00f3mico y Jur\u00eddico\" \/>\n<meta property=\"og:description\" content=\"Asesor\u00eda de empresas Nos dedicamos principalmente al asesoramiento fiscal, econ\u00f3mico y laboral de la peque\u00f1a y mediana empresa, facilitando a nuestros clientes sus obligaciones en estos campos y en general con todas las administraciones. Estamos especializados cada uno en su \u00e1rea, pero a la vez muy integrados en el trabajo de equipo para detectar todas [&hellip;]\" \/>\n<meta property=\"og:url\" content=\"https:\/\/asesoresmolina.com\/asesoria-empresas\/\" \/>\n<meta property=\"og:site_name\" content=\"Asesores Molina Fiscal Laboral Contable Econ\u00f3mico y Jur\u00eddico\" \/>\n<meta property=\"article:modified_time\" content=\"2019-02-15T13:20:23+00:00\" \/>\n<meta name=\"twitter:card\" content=\"summary_large_image\" \/>\n<meta name=\"twitter:label1\" content=\"Tiempo de lectura\" \/>\n\t<meta name=\"twitter:data1\" content=\"5 minutos\" \/>\n<script type=\"application\/ld+json\" class=\"yoast-schema-graph\">{\"@context\":\"https:\\\/\\\/schema.org\",\"@graph\":[{\"@type\":\"WebPage\",\"@id\":\"https:\\\/\\\/asesoresmolina.com\\\/asesoria-empresas\\\/\",\"url\":\"https:\\\/\\\/asesoresmolina.com\\\/asesoria-empresas\\\/\",\"name\":\"Inicio - Asesores Molina Fiscal Laboral Contable Econ\u00f3mico y Jur\u00eddico\",\"isPartOf\":{\"@id\":\"https:\\\/\\\/asesoresmolina.com\\\/asesoria-empresas\\\/#website\"},\"datePublished\":\"2018-12-12T10:49:39+00:00\",\"dateModified\":\"2019-02-15T13:20:23+00:00\",\"breadcrumb\":{\"@id\":\"https:\\\/\\\/asesoresmolina.com\\\/asesoria-empresas\\\/#breadcrumb\"},\"inLanguage\":\"es\",\"potentialAction\":[{\"@type\":\"ReadAction\",\"target\":[\"https:\\\/\\\/asesoresmolina.com\\\/asesoria-empresas\\\/\"]}]},{\"@type\":\"BreadcrumbList\",\"@id\":\"https:\\\/\\\/asesoresmolina.com\\\/asesoria-empresas\\\/#breadcrumb\",\"itemListElement\":[{\"@type\":\"ListItem\",\"position\":1,\"name\":\"Portada\",\"item\":\"https:\\\/\\\/asesoresmolina.com\\\/asesoria-empresas\\\/\"},{\"@type\":\"ListItem\",\"position\":2,\"name\":\"Inicio\"}]},{\"@type\":\"WebSite\",\"@id\":\"https:\\\/\\\/asesoresmolina.com\\\/asesoria-empresas\\\/#website\",\"url\":\"https:\\\/\\\/asesoresmolina.com\\\/asesoria-empresas\\\/\",\"name\":\"Asesores Molina Fiscal Laboral Contable Econ\u00f3mico y Jur\u00eddico\",\"description\":\"Asesor\u00eda Ensanche Vallecas Villa Santa Eugenia\",\"potentialAction\":[{\"@type\":\"SearchAction\",\"target\":{\"@type\":\"EntryPoint\",\"urlTemplate\":\"https:\\\/\\\/asesoresmolina.com\\\/asesoria-empresas\\\/?s={search_term_string}\"},\"query-input\":{\"@type\":\"PropertyValueSpecification\",\"valueRequired\":true,\"valueName\":\"search_term_string\"}}],\"inLanguage\":\"es\"}]}<\/script>\n<!-- \/ Yoast SEO plugin. -->","yoast_head_json":{"title":"Inicio - Asesores Molina Fiscal Laboral Contable Econ\u00f3mico y Jur\u00eddico","robots":{"index":"index","follow":"follow","max-snippet":"max-snippet:-1","max-image-preview":"max-image-preview:large","max-video-preview":"max-video-preview:-1"},"canonical":"https:\/\/asesoresmolina.com\/asesoria-empresas\/","og_locale":"es_ES","og_type":"article","og_title":"Inicio - Asesores Molina Fiscal Laboral Contable Econ\u00f3mico y Jur\u00eddico","og_description":"Asesor\u00eda de empresas Nos dedicamos principalmente al asesoramiento fiscal, econ\u00f3mico y laboral de la peque\u00f1a y mediana empresa, facilitando a nuestros clientes sus obligaciones en estos campos y en general con todas las administraciones. Estamos especializados cada uno en su \u00e1rea, pero a la vez muy integrados en el trabajo de equipo para detectar todas [&hellip;]","og_url":"https:\/\/asesoresmolina.com\/asesoria-empresas\/","og_site_name":"Asesores Molina Fiscal Laboral Contable Econ\u00f3mico y Jur\u00eddico","article_modified_time":"2019-02-15T13:20:23+00:00","twitter_card":"summary_large_image","twitter_misc":{"Tiempo de lectura":"5 minutos"},"schema":{"@context":"https:\/\/schema.org","@graph":[{"@type":"WebPage","@id":"https:\/\/asesoresmolina.com\/asesoria-empresas\/","url":"https:\/\/asesoresmolina.com\/asesoria-empresas\/","name":"Inicio - Asesores Molina Fiscal Laboral Contable Econ\u00f3mico y Jur\u00eddico","isPartOf":{"@id":"https:\/\/asesoresmolina.com\/asesoria-empresas\/#website"},"datePublished":"2018-12-12T10:49:39+00:00","dateModified":"2019-02-15T13:20:23+00:00","breadcrumb":{"@id":"https:\/\/asesoresmolina.com\/asesoria-empresas\/#breadcrumb"},"inLanguage":"es","potentialAction":[{"@type":"ReadAction","target":["https:\/\/asesoresmolina.com\/asesoria-empresas\/"]}]},{"@type":"BreadcrumbList","@id":"https:\/\/asesoresmolina.com\/asesoria-empresas\/#breadcrumb","itemListElement":[{"@type":"ListItem","position":1,"name":"Portada","item":"https:\/\/asesoresmolina.com\/asesoria-empresas\/"},{"@type":"ListItem","position":2,"name":"Inicio"}]},{"@type":"WebSite","@id":"https:\/\/asesoresmolina.com\/asesoria-empresas\/#website","url":"https:\/\/asesoresmolina.com\/asesoria-empresas\/","name":"Asesores Molina Fiscal Laboral Contable Econ\u00f3mico y Jur\u00eddico","description":"Asesor\u00eda Ensanche Vallecas Villa Santa Eugenia","potentialAction":[{"@type":"SearchAction","target":{"@type":"EntryPoint","urlTemplate":"https:\/\/asesoresmolina.com\/asesoria-empresas\/?s={search_term_string}"},"query-input":{"@type":"PropertyValueSpecification","valueRequired":true,"valueName":"search_term_string"}}],"inLanguage":"es"}]}},"_links":{"self":[{"href":"https:\/\/asesoresmolina.com\/asesoria-empresas\/wp-json\/wp\/v2\/pages\/12","targetHints":{"allow":["GET"]}}],"collection":[{"href":"https:\/\/asesoresmolina.com\/asesoria-empresas\/wp-json\/wp\/v2\/pages"}],"about":[{"href":"https:\/\/asesoresmolina.com\/asesoria-empresas\/wp-json\/wp\/v2\/types\/page"}],"author":[{"embeddable":true,"href":"https:\/\/asesoresmolina.com\/asesoria-empresas\/wp-json\/wp\/v2\/users\/1"}],"replies":[{"embeddable":true,"href":"https:\/\/asesoresmolina.com\/asesoria-empresas\/wp-json\/wp\/v2\/comments?post=12"}],"version-history":[{"count":0,"href":"https:\/\/asesoresmolina.com\/asesoria-empresas\/wp-json\/wp\/v2\/pages\/12\/revisions"}],"wp:attachment":[{"href":"https:\/\/asesoresmolina.com\/asesoria-empresas\/wp-json\/wp\/v2\/media?parent=12"}],"curies":[{"name":"wp","href":"https:\/\/api.w.org\/{rel}","templated":true}]}}