{"id":16,"date":"2018-12-12T10:53:50","date_gmt":"2018-12-12T10:53:50","guid":{"rendered":"https:\/\/asesoresmolina.com\/asesoria-empresas\/?page_id=16"},"modified":"2019-02-15T13:55:18","modified_gmt":"2019-02-15T13:55:18","slug":"gestion-fiscal-laboral-juridica-economica-y-contable-ensanche-vallecas-villa","status":"publish","type":"page","link":"https:\/\/asesoresmolina.com\/asesoria-empresas\/gestion-fiscal-laboral-juridica-economica-y-contable-ensanche-vallecas-villa\/","title":{"rendered":"Gesti\u00f3n fiscal, laboral, jur\u00eddica, econ\u00f3mica y contable Ensanche Vallecas Villa"},"content":{"rendered":"<p>[et_pb_section bb_built=\u00bb1&#8243; fullwidth=\u00bbon\u00bb _builder_version=\u00bb3.18.4&#8243; custom_margin=\u00bb0px||0px|\u00bb custom_padding=\u00bb0px||0px|\u00bb next_background_color=\u00bb#000000&#8243;][et_pb_fullwidth_header title=\u00bb\u00c1reas de Gesti\u00f3n\u00bb text_orientation=\u00bbcenter\u00bb _builder_version=\u00bb3.18.6&#8243; background_color=\u00bbrgba(14,76,141,0.6)\u00bb background_image=\u00bbhttps:\/\/asesoresmolina.com\/asesoria-empresas\/wp-content\/uploads\/2018\/12\/asesores-ensanche-vallecas.jpg\u00bb background_blend=\u00bbmultiply\u00bb custom_margin=\u00bb0px||0px|\u00bb custom_padding=\u00bb40px||40px|\u00bb]<\/p>\n<p>[\/et_pb_fullwidth_header][\/et_pb_section][et_pb_section bb_built=\u00bb1&#8243; _builder_version=\u00bb3.18.9&#8243; background_image=\u00bbhttps:\/\/asesoresmolina.com\/asesoria-empresas\/wp-content\/uploads\/2018\/12\/asesoria-molina-ensanche-vallecas.jpg\u00bb prev_background_color=\u00bb#ffffff\u00bb][et_pb_row _builder_version=\u00bb3.19.11&#8243; background_color=\u00bb#1a4b8d\u00bb background_size=\u00bbinitial\u00bb background_position=\u00bbtop_left\u00bb background_repeat=\u00bbrepeat\u00bb animation_style=\u00bbzoom\u00bb][et_pb_column type=\u00bb4_4&#8243;][et_pb_text _builder_version=\u00bb3.19.11&#8243; background_layout=\u00bbdark\u00bb custom_margin=\u00bb||15px\u00bb custom_padding=\u00bb|10px||10px\u00bb]<\/p>\n<h4 style=\"text-align: center;\">Ofrecemos a todos nuestros clientes un trato personalizado y asesoramiento en los \u00e1mbitos laboral, fiscal, econ\u00f3micos y jur\u00eddicos.<\/h4>\n<p>[\/et_pb_text][et_pb_text _builder_version=\u00bb3.19.11&#8243; background_layout=\u00bbdark\u00bb custom_margin=\u00bb||0px\u00bb custom_padding=\u00bb|10px||10px\u00bb]<\/p>\n<h4 style=\"text-align: center;\">Estamos a tu disposici\u00f3n, contacta con nosotros.<\/h4>\n<p>[\/et_pb_text][\/et_pb_column][\/et_pb_row][et_pb_row custom_padding=\u00bb0|0px|0|0px|false|false\u00bb _builder_version=\u00bb3.18.9&#8243; background_size=\u00bbinitial\u00bb background_position=\u00bbtop_left\u00bb background_repeat=\u00bbrepeat\u00bb border_width_bottom=\u00bb3px\u00bb border_color_bottom=\u00bb#1a4b8d\u00bb][et_pb_column type=\u00bb4_4&#8243;][et_pb_blurb title=\u00bb TRAMITACI\u00d3N DE ESCRITURAS Y CONTRATOS\u00bb _builder_version=\u00bb3.19.11&#8243; background_color=\u00bbrgba(26,75,141,0.61)\u00bb background_image=\u00bbhttps:\/\/asesoresmolina.com\/asesoria-empresas\/wp-content\/uploads\/2019\/02\/escrituras.jpg\u00bb background_blend=\u00bbmultiply\u00bb border_radii_image=\u00bbon|2px|2px|2px|2px\u00bb border_color_all_image=\u00bb#1a4b8d\u00bb text_orientation=\u00bbcenter\u00bb background_layout=\u00bbdark\u00bb custom_padding=\u00bb100px||100px|\u00bb child_mix_blend_mode=\u00bboverlay\u00bb link_option_url=\u00bbhttps:\/\/asesoresmolina.com\/asesoria-empresas\/tramitacion-de-escrituras-y-contratos\/\u00bb \/][\/et_pb_column][\/et_pb_row][et_pb_row use_custom_gutter=\u00bbon\u00bb gutter_width=\u00bb1&#8243; custom_padding=\u00bb0px|0px|0px|0px\u00bb _builder_version=\u00bb3.19.11&#8243; background_size=\u00bbinitial\u00bb background_position=\u00bbtop_left\u00bb background_repeat=\u00bbrepeat\u00bb border_width_bottom=\u00bb3px\u00bb border_color_bottom=\u00bb#1a4b8d\u00bb][et_pb_column type=\u00bb1_2&#8243;][et_pb_blurb title=\u00bb\u00c1REA FISCAL\u00bb _builder_version=\u00bb3.19.11&#8243; background_color=\u00bbrgba(26,75,141,0.61)\u00bb background_image=\u00bbhttps:\/\/asesoresmolina.com\/asesoria-empresas\/wp-content\/uploads\/2019\/02\/fiscal.jpg\u00bb background_blend=\u00bbmultiply\u00bb text_orientation=\u00bbcenter\u00bb background_layout=\u00bbdark\u00bb custom_padding=\u00bb100px||100px|\u00bb animation_style=\u00bbfold\u00bb animation_direction=\u00bbleft\u00bb link_option_url=\u00bbhttps:\/\/asesoresmolina.com\/asesoria-empresas\/area-fiscal\/\u00bb \/][\/et_pb_column][et_pb_column type=\u00bb1_2&#8243;][et_pb_blurb title=\u00bb\u00c1REA LABORAL\u00bb _builder_version=\u00bb3.19.11&#8243; background_color=\u00bbrgba(26,75,141,0.61)\u00bb background_image=\u00bbhttps:\/\/asesoresmolina.com\/asesoria-empresas\/wp-content\/uploads\/2019\/02\/area-laboral.jpg\u00bb background_blend=\u00bbmultiply\u00bb text_orientation=\u00bbcenter\u00bb background_layout=\u00bbdark\u00bb custom_padding=\u00bb100px||100px|\u00bb animation_style=\u00bbfold\u00bb animation_direction=\u00bbright\u00bb link_option_url=\u00bbhttps:\/\/asesoresmolina.com\/asesoria-empresas\/area-laboral\/\u00bb \/][\/et_pb_column][\/et_pb_row][et_pb_row use_custom_gutter=\u00bbon\u00bb gutter_width=\u00bb1&#8243; custom_padding=\u00bb0px||50px||false|false\u00bb custom_margin=\u00bb0px||0px|\u00bb _builder_version=\u00bb3.18.9&#8243; background_size=\u00bbinitial\u00bb background_position=\u00bbtop_left\u00bb background_repeat=\u00bbrepeat\u00bb border_color_bottom=\u00bb#1a4b8d\u00bb animation_style=\u00bbfold\u00bb animation_direction=\u00bbbottom\u00bb][et_pb_column type=\u00bb1_2&#8243;][et_pb_blurb title=\u00bb\u00c1REA JUR\u00cdDICA\u00bb _builder_version=\u00bb3.19.11&#8243; background_color=\u00bbrgba(26,75,141,0.61)\u00bb background_image=\u00bbhttps:\/\/asesoresmolina.com\/asesoria-empresas\/wp-content\/uploads\/2019\/02\/juridica.jpg\u00bb background_blend=\u00bbmultiply\u00bb border_width_bottom_image=\u00bb3px\u00bb border_color_bottom_image=\u00bb#1a4b8d\u00bb text_orientation=\u00bbcenter\u00bb background_layout=\u00bbdark\u00bb custom_padding=\u00bb100px||100px|\u00bb link_option_url=\u00bbhttps:\/\/asesoresmolina.com\/asesoria-empresas\/area-juridica\/\u00bb \/][\/et_pb_column][et_pb_column type=\u00bb1_2&#8243;][et_pb_blurb title=\u00bb\u00c1REA ECON\u00d3MICA Y CONTABLE\u00bb _builder_version=\u00bb3.19.11&#8243; background_color=\u00bbrgba(26,75,141,0.61)\u00bb background_image=\u00bbhttps:\/\/asesoresmolina.com\/asesoria-empresas\/wp-content\/uploads\/2019\/02\/economica-contable.jpg\u00bb background_blend=\u00bbmultiply\u00bb border_width_bottom_image=\u00bb3px\u00bb border_color_bottom_image=\u00bb#1a4b8d\u00bb text_orientation=\u00bbcenter\u00bb background_layout=\u00bbdark\u00bb custom_padding=\u00bb100px||100px|\u00bb link_option_url=\u00bbhttps:\/\/asesoresmolina.com\/asesoria-empresas\/area-economica-y-contable\/\u00bb \/][\/et_pb_column][\/et_pb_row][\/et_pb_section]<\/p>\n","protected":false},"excerpt":{"rendered":"<p>Ofrecemos a todos nuestros clientes un trato personalizado y asesoramiento en los \u00e1mbitos laboral, fiscal, econ\u00f3micos y jur\u00eddicos. Estamos a tu disposici\u00f3n, contacta con nosotros.<\/p>\n","protected":false},"author":1,"featured_media":0,"parent":0,"menu_order":0,"comment_status":"closed","ping_status":"closed","template":"","meta":{"_et_pb_use_builder":"on","_et_pb_old_content":"","_et_gb_content_width":"","footnotes":""},"class_list":["post-16","page","type-page","status-publish","hentry"],"yoast_head":"<!-- This site is optimized with the Yoast SEO plugin v27.6 - https:\/\/yoast.com\/product\/yoast-seo-wordpress\/ -->\n<title>Gesti\u00f3n fiscal, laboral, jur\u00eddica, econ\u00f3mica y contable Ensanche Vallecas Villa - Asesores Molina Fiscal Laboral Contable Econ\u00f3mico y Jur\u00eddico<\/title>\n<meta name=\"robots\" content=\"index, follow, max-snippet:-1, max-image-preview:large, max-video-preview:-1\" \/>\n<link rel=\"canonical\" href=\"https:\/\/asesoresmolina.com\/asesoria-empresas\/gestion-fiscal-laboral-juridica-economica-y-contable-ensanche-vallecas-villa\/\" \/>\n<meta property=\"og:locale\" content=\"es_ES\" \/>\n<meta property=\"og:type\" content=\"article\" \/>\n<meta property=\"og:title\" content=\"Gesti\u00f3n fiscal, laboral, jur\u00eddica, econ\u00f3mica y contable Ensanche Vallecas Villa - Asesores Molina Fiscal Laboral Contable Econ\u00f3mico y Jur\u00eddico\" \/>\n<meta property=\"og:description\" content=\"Ofrecemos a todos nuestros clientes un trato personalizado y asesoramiento en los \u00e1mbitos laboral, fiscal, econ\u00f3micos y jur\u00eddicos. Estamos a tu disposici\u00f3n, contacta con nosotros.\" \/>\n<meta property=\"og:url\" content=\"https:\/\/asesoresmolina.com\/asesoria-empresas\/gestion-fiscal-laboral-juridica-economica-y-contable-ensanche-vallecas-villa\/\" \/>\n<meta property=\"og:site_name\" content=\"Asesores Molina Fiscal Laboral Contable Econ\u00f3mico y Jur\u00eddico\" \/>\n<meta property=\"article:modified_time\" content=\"2019-02-15T13:55:18+00:00\" \/>\n<meta name=\"twitter:card\" content=\"summary_large_image\" \/>\n<meta name=\"twitter:label1\" content=\"Tiempo de lectura\" \/>\n\t<meta name=\"twitter:data1\" content=\"3 minutos\" \/>\n<script type=\"application\/ld+json\" class=\"yoast-schema-graph\">{\"@context\":\"https:\\\/\\\/schema.org\",\"@graph\":[{\"@type\":\"WebPage\",\"@id\":\"https:\\\/\\\/asesoresmolina.com\\\/asesoria-empresas\\\/gestion-fiscal-laboral-juridica-economica-y-contable-ensanche-vallecas-villa\\\/\",\"url\":\"https:\\\/\\\/asesoresmolina.com\\\/asesoria-empresas\\\/gestion-fiscal-laboral-juridica-economica-y-contable-ensanche-vallecas-villa\\\/\",\"name\":\"Gesti\u00f3n fiscal, laboral, jur\u00eddica, econ\u00f3mica y contable Ensanche Vallecas Villa - Asesores Molina Fiscal Laboral Contable Econ\u00f3mico y Jur\u00eddico\",\"isPartOf\":{\"@id\":\"https:\\\/\\\/asesoresmolina.com\\\/asesoria-empresas\\\/#website\"},\"datePublished\":\"2018-12-12T10:53:50+00:00\",\"dateModified\":\"2019-02-15T13:55:18+00:00\",\"breadcrumb\":{\"@id\":\"https:\\\/\\\/asesoresmolina.com\\\/asesoria-empresas\\\/gestion-fiscal-laboral-juridica-economica-y-contable-ensanche-vallecas-villa\\\/#breadcrumb\"},\"inLanguage\":\"es\",\"potentialAction\":[{\"@type\":\"ReadAction\",\"target\":[\"https:\\\/\\\/asesoresmolina.com\\\/asesoria-empresas\\\/gestion-fiscal-laboral-juridica-economica-y-contable-ensanche-vallecas-villa\\\/\"]}]},{\"@type\":\"BreadcrumbList\",\"@id\":\"https:\\\/\\\/asesoresmolina.com\\\/asesoria-empresas\\\/gestion-fiscal-laboral-juridica-economica-y-contable-ensanche-vallecas-villa\\\/#breadcrumb\",\"itemListElement\":[{\"@type\":\"ListItem\",\"position\":1,\"name\":\"Portada\",\"item\":\"https:\\\/\\\/asesoresmolina.com\\\/asesoria-empresas\\\/\"},{\"@type\":\"ListItem\",\"position\":2,\"name\":\"Gesti\u00f3n fiscal, laboral, jur\u00eddica, econ\u00f3mica y contable Ensanche Vallecas Villa\"}]},{\"@type\":\"WebSite\",\"@id\":\"https:\\\/\\\/asesoresmolina.com\\\/asesoria-empresas\\\/#website\",\"url\":\"https:\\\/\\\/asesoresmolina.com\\\/asesoria-empresas\\\/\",\"name\":\"Asesores Molina Fiscal Laboral Contable Econ\u00f3mico y Jur\u00eddico\",\"description\":\"Asesor\u00eda Ensanche Vallecas Villa Santa Eugenia\",\"potentialAction\":[{\"@type\":\"SearchAction\",\"target\":{\"@type\":\"EntryPoint\",\"urlTemplate\":\"https:\\\/\\\/asesoresmolina.com\\\/asesoria-empresas\\\/?s={search_term_string}\"},\"query-input\":{\"@type\":\"PropertyValueSpecification\",\"valueRequired\":true,\"valueName\":\"search_term_string\"}}],\"inLanguage\":\"es\"}]}<\/script>\n<!-- \/ Yoast SEO plugin. -->","yoast_head_json":{"title":"Gesti\u00f3n fiscal, laboral, jur\u00eddica, econ\u00f3mica y contable Ensanche Vallecas Villa - Asesores Molina Fiscal Laboral Contable Econ\u00f3mico y Jur\u00eddico","robots":{"index":"index","follow":"follow","max-snippet":"max-snippet:-1","max-image-preview":"max-image-preview:large","max-video-preview":"max-video-preview:-1"},"canonical":"https:\/\/asesoresmolina.com\/asesoria-empresas\/gestion-fiscal-laboral-juridica-economica-y-contable-ensanche-vallecas-villa\/","og_locale":"es_ES","og_type":"article","og_title":"Gesti\u00f3n fiscal, laboral, jur\u00eddica, econ\u00f3mica y contable Ensanche Vallecas Villa - Asesores Molina Fiscal Laboral Contable Econ\u00f3mico y Jur\u00eddico","og_description":"Ofrecemos a todos nuestros clientes un trato personalizado y asesoramiento en los \u00e1mbitos laboral, fiscal, econ\u00f3micos y jur\u00eddicos. Estamos a tu disposici\u00f3n, contacta con nosotros.","og_url":"https:\/\/asesoresmolina.com\/asesoria-empresas\/gestion-fiscal-laboral-juridica-economica-y-contable-ensanche-vallecas-villa\/","og_site_name":"Asesores Molina Fiscal Laboral Contable Econ\u00f3mico y Jur\u00eddico","article_modified_time":"2019-02-15T13:55:18+00:00","twitter_card":"summary_large_image","twitter_misc":{"Tiempo de lectura":"3 minutos"},"schema":{"@context":"https:\/\/schema.org","@graph":[{"@type":"WebPage","@id":"https:\/\/asesoresmolina.com\/asesoria-empresas\/gestion-fiscal-laboral-juridica-economica-y-contable-ensanche-vallecas-villa\/","url":"https:\/\/asesoresmolina.com\/asesoria-empresas\/gestion-fiscal-laboral-juridica-economica-y-contable-ensanche-vallecas-villa\/","name":"Gesti\u00f3n fiscal, laboral, jur\u00eddica, econ\u00f3mica y contable Ensanche Vallecas Villa - Asesores Molina Fiscal Laboral Contable Econ\u00f3mico y Jur\u00eddico","isPartOf":{"@id":"https:\/\/asesoresmolina.com\/asesoria-empresas\/#website"},"datePublished":"2018-12-12T10:53:50+00:00","dateModified":"2019-02-15T13:55:18+00:00","breadcrumb":{"@id":"https:\/\/asesoresmolina.com\/asesoria-empresas\/gestion-fiscal-laboral-juridica-economica-y-contable-ensanche-vallecas-villa\/#breadcrumb"},"inLanguage":"es","potentialAction":[{"@type":"ReadAction","target":["https:\/\/asesoresmolina.com\/asesoria-empresas\/gestion-fiscal-laboral-juridica-economica-y-contable-ensanche-vallecas-villa\/"]}]},{"@type":"BreadcrumbList","@id":"https:\/\/asesoresmolina.com\/asesoria-empresas\/gestion-fiscal-laboral-juridica-economica-y-contable-ensanche-vallecas-villa\/#breadcrumb","itemListElement":[{"@type":"ListItem","position":1,"name":"Portada","item":"https:\/\/asesoresmolina.com\/asesoria-empresas\/"},{"@type":"ListItem","position":2,"name":"Gesti\u00f3n fiscal, laboral, jur\u00eddica, econ\u00f3mica y contable Ensanche Vallecas Villa"}]},{"@type":"WebSite","@id":"https:\/\/asesoresmolina.com\/asesoria-empresas\/#website","url":"https:\/\/asesoresmolina.com\/asesoria-empresas\/","name":"Asesores Molina Fiscal Laboral Contable Econ\u00f3mico y Jur\u00eddico","description":"Asesor\u00eda Ensanche Vallecas Villa Santa Eugenia","potentialAction":[{"@type":"SearchAction","target":{"@type":"EntryPoint","urlTemplate":"https:\/\/asesoresmolina.com\/asesoria-empresas\/?s={search_term_string}"},"query-input":{"@type":"PropertyValueSpecification","valueRequired":true,"valueName":"search_term_string"}}],"inLanguage":"es"}]}},"_links":{"self":[{"href":"https:\/\/asesoresmolina.com\/asesoria-empresas\/wp-json\/wp\/v2\/pages\/16","targetHints":{"allow":["GET"]}}],"collection":[{"href":"https:\/\/asesoresmolina.com\/asesoria-empresas\/wp-json\/wp\/v2\/pages"}],"about":[{"href":"https:\/\/asesoresmolina.com\/asesoria-empresas\/wp-json\/wp\/v2\/types\/page"}],"author":[{"embeddable":true,"href":"https:\/\/asesoresmolina.com\/asesoria-empresas\/wp-json\/wp\/v2\/users\/1"}],"replies":[{"embeddable":true,"href":"https:\/\/asesoresmolina.com\/asesoria-empresas\/wp-json\/wp\/v2\/comments?post=16"}],"version-history":[{"count":0,"href":"https:\/\/asesoresmolina.com\/asesoria-empresas\/wp-json\/wp\/v2\/pages\/16\/revisions"}],"wp:attachment":[{"href":"https:\/\/asesoresmolina.com\/asesoria-empresas\/wp-json\/wp\/v2\/media?parent=16"}],"curies":[{"name":"wp","href":"https:\/\/api.w.org\/{rel}","templated":true}]}}