{"id":21,"date":"2018-12-12T10:57:10","date_gmt":"2018-12-12T10:57:10","guid":{"rendered":"https:\/\/asesoresmolina.com\/asesoria-empresas\/?page_id=21"},"modified":"2019-02-14T14:40:47","modified_gmt":"2019-02-14T14:40:47","slug":"contacto","status":"publish","type":"page","link":"https:\/\/asesoresmolina.com\/asesoria-empresas\/contacto\/","title":{"rendered":"Contacto"},"content":{"rendered":"<p>[et_pb_section fb_built=\u00bb1&#8243; fullwidth=\u00bbon\u00bb _builder_version=\u00bb3.0.47&#8243;][et_pb_fullwidth_header title=\u00bbContacto\u00bb text_orientation=\u00bbcenter\u00bb _builder_version=\u00bb3.18.6&#8243; background_color=\u00bbrgba(14,76,141,0.6)\u00bb background_image=\u00bbhttps:\/\/asesoresmolina.com\/asesoria-empresas\/wp-content\/uploads\/2018\/12\/asesoria-laboral-vallecas-ensanche.jpg\u00bb background_blend=\u00bbmultiply\u00bb custom_margin=\u00bb0px||0px|\u00bb custom_padding=\u00bb40px||40px|\u00bb]<br \/>\n[\/et_pb_fullwidth_header][\/et_pb_section][et_pb_section fb_built=\u00bb1&#8243; _builder_version=\u00bb3.18.6&#8243; custom_padding=\u00bb54px|0px|0|0px|false|false\u00bb][et_pb_row use_custom_width=\u00bbon\u00bb custom_width_px=\u00bb1430px\u00bb custom_padding=\u00bb0|0px|0|0px|false|false\u00bb make_equal=\u00bbon\u00bb module_class_1=\u00bbds-vertical-align\u00bb module_class_2=\u00bbds-vertical-align\u00bb _builder_version=\u00bb3.18.9&#8243; background_size=\u00bbinitial\u00bb background_position=\u00bbtop_left\u00bb background_repeat=\u00bbrepeat\u00bb][et_pb_column type=\u00bb4_4&#8243; _builder_version=\u00bb3.0.47&#8243; parallax=\u00bboff\u00bb parallax_method=\u00bbon\u00bb module_class=\u00bbds-vertical-align\u00bb][et_pb_text _builder_version=\u00bb3.19.4&#8243; text_text_color=\u00bb#ffffff\u00bb header_text_color=\u00bb#ffffff\u00bb background_color=\u00bb#1A4B8D\u00bb background_layout=\u00bbdark\u00bb module_alignment=\u00bbcenter\u00bb custom_margin=\u00bb0px||0px|\u00bb custom_padding=\u00bb40px||0px|\u00bb]<\/p>\n<h2 style=\"text-align: center;\">91 332 45 29<\/h2>\n<p>[\/et_pb_text][et_pb_text _builder_version=\u00bb3.19.11&#8243; header_3_text_color=\u00bb#ffffff\u00bb background_color=\u00bb#1a4b8d\u00bb background_layout=\u00bbdark\u00bb module_alignment=\u00bbcenter\u00bb custom_margin=\u00bb0px||0px|\u00bb custom_padding=\u00bb0px||40px|\u00bb]<\/p>\n<h3 style=\"text-align: center;\">asesoresmolina@asesoresmolina.com<\/h3>\n<p>[\/et_pb_text][\/et_pb_column][\/et_pb_row][\/et_pb_section][et_pb_section fb_built=\u00bb1&#8243; _builder_version=\u00bb3.18.6&#8243; custom_padding=\u00bb49px|0px|54px|0px|false|false\u00bb][et_pb_row use_custom_width=\u00bbon\u00bb custom_width_px=\u00bb1430px\u00bb custom_padding=\u00bb0|0px|0|0px|false|false\u00bb make_equal=\u00bbon\u00bb module_class_1=\u00bbds-vertical-align\u00bb module_class_2=\u00bbds-vertical-align\u00bb _builder_version=\u00bb3.19.11&#8243; background_size=\u00bbinitial\u00bb background_position=\u00bbtop_left\u00bb background_repeat=\u00bbrepeat\u00bb][et_pb_column type=\u00bb1_2&#8243; _builder_version=\u00bb3.0.47&#8243; parallax=\u00bboff\u00bb parallax_method=\u00bbon\u00bb module_class=\u00bbds-vertical-align\u00bb][et_pb_text _builder_version=\u00bb3.19.11&#8243; header_font=\u00bb||||||||\u00bb header_text_color=\u00bb#1A4B8D\u00bb header_font_size=\u00bb32px\u00bb header_2_font=\u00bb||||||||\u00bb header_2_text_color=\u00bb#1a4b8d\u00bb custom_margin=\u00bb||10px\u00bb]<\/p>\n<h1 style=\"text-align: center;\"><strong>Direcci\u00f3n<\/strong><\/h1>\n<p>[\/et_pb_text][et_pb_text _builder_version=\u00bb3.19.11&#8243; text_font=\u00bb||||||||\u00bb text_font_size=\u00bb20px\u00bb header_2_font=\u00bb||||||||\u00bb header_2_text_color=\u00bb#1a4b8d\u00bb]<\/p>\n<p style=\"text-align: center;\">Calle Pe\u00f1aranda de Bracamonte, 6<br \/> Esquina Calle Mazater\u00f3n<\/p>\n<p style=\"text-align: center;\">28051 Madrid<\/p>\n<p>[\/et_pb_text][\/et_pb_column][et_pb_column type=\u00bb1_2&#8243; _builder_version=\u00bb3.0.47&#8243; parallax=\u00bboff\u00bb parallax_method=\u00bbon\u00bb module_class=\u00bbds-vertical-align\u00bb][et_pb_map address=\u00bbCalle Pe\u00f1aranda de Bracamonte, 6, 28051 Madrid, Espa\u00f1a\u00bb zoom_level=\u00bb15&#8243; address_lat=\u00bb40.37565832400437&#8243; address_lng=\u00bb-3.6044822539672623&#8243; mouse_wheel=\u00bboff\u00bb _builder_version=\u00bb3.19.11&#8243;][et_pb_map_pin pin_address=\u00bbCalle Pe\u00f1aranda de Bracamonte, 6, 28051 Madrid, Espa\u00f1a\u00bb pin_address_lat=\u00bb40.37491454294813&#8243; pin_address_lng=\u00bb-3.6044017876968155&#8243; _builder_version=\u00bb3.19.11&#8243;][\/et_pb_map_pin][\/et_pb_map][\/et_pb_column][\/et_pb_row][\/et_pb_section]<\/p>\n","protected":false},"excerpt":{"rendered":"<p>91 332 45 29 asesoresmolina@asesoresmolina.comDirecci\u00f3n Calle Pe\u00f1aranda de Bracamonte, 6 Esquina Calle Mazater\u00f3n 28051 Madrid<\/p>\n","protected":false},"author":1,"featured_media":0,"parent":0,"menu_order":0,"comment_status":"closed","ping_status":"closed","template":"","meta":{"_et_pb_use_builder":"on","_et_pb_old_content":"","_et_gb_content_width":"","footnotes":""},"class_list":["post-21","page","type-page","status-publish","hentry"],"yoast_head":"<!-- This site is optimized with the Yoast SEO plugin v27.6 - https:\/\/yoast.com\/product\/yoast-seo-wordpress\/ -->\n<title>Contacto - Asesores Molina Fiscal Laboral Contable Econ\u00f3mico y Jur\u00eddico<\/title>\n<meta name=\"robots\" content=\"index, follow, max-snippet:-1, max-image-preview:large, max-video-preview:-1\" \/>\n<link rel=\"canonical\" href=\"https:\/\/asesoresmolina.com\/asesoria-empresas\/contacto\/\" \/>\n<meta property=\"og:locale\" content=\"es_ES\" \/>\n<meta property=\"og:type\" content=\"article\" \/>\n<meta property=\"og:title\" content=\"Contacto - Asesores Molina Fiscal Laboral Contable Econ\u00f3mico y Jur\u00eddico\" \/>\n<meta property=\"og:description\" content=\"91 332 45 29 asesoresmolina@asesoresmolina.comDirecci\u00f3n Calle Pe\u00f1aranda de Bracamonte, 6 Esquina Calle Mazater\u00f3n 28051 Madrid\" \/>\n<meta property=\"og:url\" content=\"https:\/\/asesoresmolina.com\/asesoria-empresas\/contacto\/\" \/>\n<meta property=\"og:site_name\" content=\"Asesores Molina Fiscal Laboral Contable Econ\u00f3mico y Jur\u00eddico\" \/>\n<meta property=\"article:modified_time\" content=\"2019-02-14T14:40:47+00:00\" \/>\n<meta name=\"twitter:card\" content=\"summary_large_image\" \/>\n<meta name=\"twitter:label1\" content=\"Tiempo de lectura\" \/>\n\t<meta name=\"twitter:data1\" content=\"2 minutos\" \/>\n<script type=\"application\/ld+json\" class=\"yoast-schema-graph\">{\"@context\":\"https:\\\/\\\/schema.org\",\"@graph\":[{\"@type\":\"WebPage\",\"@id\":\"https:\\\/\\\/asesoresmolina.com\\\/asesoria-empresas\\\/contacto\\\/\",\"url\":\"https:\\\/\\\/asesoresmolina.com\\\/asesoria-empresas\\\/contacto\\\/\",\"name\":\"Contacto - Asesores Molina Fiscal Laboral Contable Econ\u00f3mico y Jur\u00eddico\",\"isPartOf\":{\"@id\":\"https:\\\/\\\/asesoresmolina.com\\\/asesoria-empresas\\\/#website\"},\"datePublished\":\"2018-12-12T10:57:10+00:00\",\"dateModified\":\"2019-02-14T14:40:47+00:00\",\"breadcrumb\":{\"@id\":\"https:\\\/\\\/asesoresmolina.com\\\/asesoria-empresas\\\/contacto\\\/#breadcrumb\"},\"inLanguage\":\"es\",\"potentialAction\":[{\"@type\":\"ReadAction\",\"target\":[\"https:\\\/\\\/asesoresmolina.com\\\/asesoria-empresas\\\/contacto\\\/\"]}]},{\"@type\":\"BreadcrumbList\",\"@id\":\"https:\\\/\\\/asesoresmolina.com\\\/asesoria-empresas\\\/contacto\\\/#breadcrumb\",\"itemListElement\":[{\"@type\":\"ListItem\",\"position\":1,\"name\":\"Portada\",\"item\":\"https:\\\/\\\/asesoresmolina.com\\\/asesoria-empresas\\\/\"},{\"@type\":\"ListItem\",\"position\":2,\"name\":\"Contacto\"}]},{\"@type\":\"WebSite\",\"@id\":\"https:\\\/\\\/asesoresmolina.com\\\/asesoria-empresas\\\/#website\",\"url\":\"https:\\\/\\\/asesoresmolina.com\\\/asesoria-empresas\\\/\",\"name\":\"Asesores Molina Fiscal Laboral Contable Econ\u00f3mico y Jur\u00eddico\",\"description\":\"Asesor\u00eda Ensanche Vallecas Villa Santa Eugenia\",\"potentialAction\":[{\"@type\":\"SearchAction\",\"target\":{\"@type\":\"EntryPoint\",\"urlTemplate\":\"https:\\\/\\\/asesoresmolina.com\\\/asesoria-empresas\\\/?s={search_term_string}\"},\"query-input\":{\"@type\":\"PropertyValueSpecification\",\"valueRequired\":true,\"valueName\":\"search_term_string\"}}],\"inLanguage\":\"es\"}]}<\/script>\n<!-- \/ Yoast SEO plugin. -->","yoast_head_json":{"title":"Contacto - Asesores Molina Fiscal Laboral Contable Econ\u00f3mico y Jur\u00eddico","robots":{"index":"index","follow":"follow","max-snippet":"max-snippet:-1","max-image-preview":"max-image-preview:large","max-video-preview":"max-video-preview:-1"},"canonical":"https:\/\/asesoresmolina.com\/asesoria-empresas\/contacto\/","og_locale":"es_ES","og_type":"article","og_title":"Contacto - Asesores Molina Fiscal Laboral Contable Econ\u00f3mico y Jur\u00eddico","og_description":"91 332 45 29 asesoresmolina@asesoresmolina.comDirecci\u00f3n Calle Pe\u00f1aranda de Bracamonte, 6 Esquina Calle Mazater\u00f3n 28051 Madrid","og_url":"https:\/\/asesoresmolina.com\/asesoria-empresas\/contacto\/","og_site_name":"Asesores Molina Fiscal Laboral Contable Econ\u00f3mico y Jur\u00eddico","article_modified_time":"2019-02-14T14:40:47+00:00","twitter_card":"summary_large_image","twitter_misc":{"Tiempo de lectura":"2 minutos"},"schema":{"@context":"https:\/\/schema.org","@graph":[{"@type":"WebPage","@id":"https:\/\/asesoresmolina.com\/asesoria-empresas\/contacto\/","url":"https:\/\/asesoresmolina.com\/asesoria-empresas\/contacto\/","name":"Contacto - Asesores Molina Fiscal Laboral Contable Econ\u00f3mico y Jur\u00eddico","isPartOf":{"@id":"https:\/\/asesoresmolina.com\/asesoria-empresas\/#website"},"datePublished":"2018-12-12T10:57:10+00:00","dateModified":"2019-02-14T14:40:47+00:00","breadcrumb":{"@id":"https:\/\/asesoresmolina.com\/asesoria-empresas\/contacto\/#breadcrumb"},"inLanguage":"es","potentialAction":[{"@type":"ReadAction","target":["https:\/\/asesoresmolina.com\/asesoria-empresas\/contacto\/"]}]},{"@type":"BreadcrumbList","@id":"https:\/\/asesoresmolina.com\/asesoria-empresas\/contacto\/#breadcrumb","itemListElement":[{"@type":"ListItem","position":1,"name":"Portada","item":"https:\/\/asesoresmolina.com\/asesoria-empresas\/"},{"@type":"ListItem","position":2,"name":"Contacto"}]},{"@type":"WebSite","@id":"https:\/\/asesoresmolina.com\/asesoria-empresas\/#website","url":"https:\/\/asesoresmolina.com\/asesoria-empresas\/","name":"Asesores Molina Fiscal Laboral Contable Econ\u00f3mico y Jur\u00eddico","description":"Asesor\u00eda Ensanche Vallecas Villa Santa Eugenia","potentialAction":[{"@type":"SearchAction","target":{"@type":"EntryPoint","urlTemplate":"https:\/\/asesoresmolina.com\/asesoria-empresas\/?s={search_term_string}"},"query-input":{"@type":"PropertyValueSpecification","valueRequired":true,"valueName":"search_term_string"}}],"inLanguage":"es"}]}},"_links":{"self":[{"href":"https:\/\/asesoresmolina.com\/asesoria-empresas\/wp-json\/wp\/v2\/pages\/21","targetHints":{"allow":["GET"]}}],"collection":[{"href":"https:\/\/asesoresmolina.com\/asesoria-empresas\/wp-json\/wp\/v2\/pages"}],"about":[{"href":"https:\/\/asesoresmolina.com\/asesoria-empresas\/wp-json\/wp\/v2\/types\/page"}],"author":[{"embeddable":true,"href":"https:\/\/asesoresmolina.com\/asesoria-empresas\/wp-json\/wp\/v2\/users\/1"}],"replies":[{"embeddable":true,"href":"https:\/\/asesoresmolina.com\/asesoria-empresas\/wp-json\/wp\/v2\/comments?post=21"}],"version-history":[{"count":0,"href":"https:\/\/asesoresmolina.com\/asesoria-empresas\/wp-json\/wp\/v2\/pages\/21\/revisions"}],"wp:attachment":[{"href":"https:\/\/asesoresmolina.com\/asesoria-empresas\/wp-json\/wp\/v2\/media?parent=21"}],"curies":[{"name":"wp","href":"https:\/\/api.w.org\/{rel}","templated":true}]}}