{"id":23,"date":"2018-12-12T10:58:11","date_gmt":"2018-12-12T10:58:11","guid":{"rendered":"https:\/\/asesoresmolina.com\/asesoria-empresas\/?page_id=23"},"modified":"2018-12-18T09:43:27","modified_gmt":"2018-12-18T09:43:27","slug":"tramitacion-de-escrituras-y-contratos","status":"publish","type":"page","link":"https:\/\/asesoresmolina.com\/asesoria-empresas\/tramitacion-de-escrituras-y-contratos\/","title":{"rendered":"Tramitaci\u00f3n de escrituras y contratos"},"content":{"rendered":"<p>[et_pb_section bb_built=\u00bb1&#8243; fullwidth=\u00bbon\u00bb specialty=\u00bboff\u00bb next_background_color=\u00bb#000000&#8243; _builder_version=\u00bb3.18.4&#8243; custom_margin=\u00bb0px||0px|\u00bb custom_padding=\u00bb0px||0px|\u00bb][et_pb_fullwidth_header _builder_version=\u00bb3.18.6&#8243; title=\u00bbTramitaci\u00f3n de Escrituras y Contratos\u00bb custom_margin=\u00bb0px||0px|\u00bb custom_padding=\u00bb40px||40px|\u00bb text_orientation=\u00bbcenter\u00bb background_image=\u00bbhttps:\/\/asesoresmolina.com\/asesoria-empresas\/wp-content\/uploads\/2018\/12\/ensanche-vallecas-asesores.jpg\u00bb background_blend=\u00bbmultiply\u00bb background_color=\u00bbrgba(14,76,141,0.6)\u00bb \/][\/et_pb_section][et_pb_section bb_built=\u00bb1&#8243; fullwidth=\u00bboff\u00bb specialty=\u00bboff\u00bb prev_background_color=\u00bb#000000&#8243;][et_pb_row][et_pb_column type=\u00bb1_2&#8243;][et_pb_text _builder_version=\u00bb3.18.6&#8243; custom_padding=\u00bb30px|||\u00bb]<\/p>\n<p>Presentaci\u00f3n ante los registros de la propiedad y mercantiles, y oficinas liquidadoras de tributos de todo tipo de escrituras:\u00a0<\/p>\n<ul>\n<li>Movimientos de capital de empresas, compraventa de participaciones y acciones.<\/li>\n<li>Ceses y nombramientos de administradores, renovaci\u00f3n de cargos, todo lo relativo a los estatutos sociales.<\/li>\n<li>Adjudicaciones de herencias, liquidaci\u00f3n de impuesto sobre sucesiones y tributos municipales.<\/li>\n<li>Donaciones patrimoniales.<\/li>\n<li>Compraventa de inmuebles y extinciones de proindiviso.<\/li>\n<li>Disoluci\u00f3n de sociedad de gananciales, etc.<\/li>\n<\/ul>\n<p>[\/et_pb_text][\/et_pb_column][et_pb_column type=\u00bb1_2&#8243;][et_pb_image _builder_version=\u00bb3.18.6&#8243; src=\u00bbhttps:\/\/asesoresmolina.com\/asesoria-empresas\/wp-content\/uploads\/2018\/12\/contratos-ensanche-vallecas.jpg\u00bb \/][\/et_pb_column][\/et_pb_row][\/et_pb_section]<\/p>\n","protected":false},"excerpt":{"rendered":"<p><div class=\"et_pb_row et_pb_row_0 et_pb_row_empty\">\n\t\t\t\t\n\t\t\t\t\n\t\t\t\t\n\t\t\t\t\n\t\t\t\t\n\t\t\t<\/div> Presentaci\u00f3n ante los registros de la propiedad y mercantiles, y oficinas liquidadoras de tributos de todo tipo de escrituras:\u00a0 Movimientos de capital de empresas, compraventa de participaciones y acciones. Ceses y nombramientos de administradores, renovaci\u00f3n de cargos, todo lo relativo a los estatutos sociales. Adjudicaciones de herencias, liquidaci\u00f3n de impuesto sobre sucesiones y tributos [&hellip;]<\/p>\n","protected":false},"author":1,"featured_media":0,"parent":0,"menu_order":0,"comment_status":"closed","ping_status":"closed","template":"","meta":{"_et_pb_use_builder":"on","_et_pb_old_content":"","_et_gb_content_width":"","footnotes":""},"class_list":["post-23","page","type-page","status-publish","hentry"],"yoast_head":"<!-- This site is optimized with the Yoast SEO plugin v27.6 - https:\/\/yoast.com\/product\/yoast-seo-wordpress\/ -->\n<title>Tramitaci\u00f3n de escrituras y contratos - Asesores Molina Fiscal Laboral Contable Econ\u00f3mico y Jur\u00eddico<\/title>\n<meta name=\"robots\" content=\"index, follow, max-snippet:-1, max-image-preview:large, max-video-preview:-1\" \/>\n<link rel=\"canonical\" href=\"https:\/\/asesoresmolina.com\/asesoria-empresas\/tramitacion-de-escrituras-y-contratos\/\" \/>\n<meta property=\"og:locale\" content=\"es_ES\" \/>\n<meta property=\"og:type\" content=\"article\" \/>\n<meta property=\"og:title\" content=\"Tramitaci\u00f3n de escrituras y contratos - Asesores Molina Fiscal Laboral Contable Econ\u00f3mico y Jur\u00eddico\" \/>\n<meta property=\"og:description\" content=\"Presentaci\u00f3n ante los registros de la propiedad y mercantiles, y oficinas liquidadoras de tributos de todo tipo de escrituras:\u00a0 Movimientos de capital de empresas, compraventa de participaciones y acciones. Ceses y nombramientos de administradores, renovaci\u00f3n de cargos, todo lo relativo a los estatutos sociales. Adjudicaciones de herencias, liquidaci\u00f3n de impuesto sobre sucesiones y tributos [&hellip;]\" \/>\n<meta property=\"og:url\" content=\"https:\/\/asesoresmolina.com\/asesoria-empresas\/tramitacion-de-escrituras-y-contratos\/\" \/>\n<meta property=\"og:site_name\" content=\"Asesores Molina Fiscal Laboral Contable Econ\u00f3mico y Jur\u00eddico\" \/>\n<meta property=\"article:modified_time\" content=\"2018-12-18T09:43:27+00:00\" \/>\n<meta name=\"twitter:card\" content=\"summary_large_image\" \/>\n<meta name=\"twitter:label1\" content=\"Tiempo de lectura\" \/>\n\t<meta name=\"twitter:data1\" content=\"1 minuto\" \/>\n<script type=\"application\/ld+json\" class=\"yoast-schema-graph\">{\"@context\":\"https:\\\/\\\/schema.org\",\"@graph\":[{\"@type\":\"WebPage\",\"@id\":\"https:\\\/\\\/asesoresmolina.com\\\/asesoria-empresas\\\/tramitacion-de-escrituras-y-contratos\\\/\",\"url\":\"https:\\\/\\\/asesoresmolina.com\\\/asesoria-empresas\\\/tramitacion-de-escrituras-y-contratos\\\/\",\"name\":\"Tramitaci\u00f3n de escrituras y contratos - Asesores Molina Fiscal Laboral Contable Econ\u00f3mico y Jur\u00eddico\",\"isPartOf\":{\"@id\":\"https:\\\/\\\/asesoresmolina.com\\\/asesoria-empresas\\\/#website\"},\"datePublished\":\"2018-12-12T10:58:11+00:00\",\"dateModified\":\"2018-12-18T09:43:27+00:00\",\"breadcrumb\":{\"@id\":\"https:\\\/\\\/asesoresmolina.com\\\/asesoria-empresas\\\/tramitacion-de-escrituras-y-contratos\\\/#breadcrumb\"},\"inLanguage\":\"es\",\"potentialAction\":[{\"@type\":\"ReadAction\",\"target\":[\"https:\\\/\\\/asesoresmolina.com\\\/asesoria-empresas\\\/tramitacion-de-escrituras-y-contratos\\\/\"]}]},{\"@type\":\"BreadcrumbList\",\"@id\":\"https:\\\/\\\/asesoresmolina.com\\\/asesoria-empresas\\\/tramitacion-de-escrituras-y-contratos\\\/#breadcrumb\",\"itemListElement\":[{\"@type\":\"ListItem\",\"position\":1,\"name\":\"Portada\",\"item\":\"https:\\\/\\\/asesoresmolina.com\\\/asesoria-empresas\\\/\"},{\"@type\":\"ListItem\",\"position\":2,\"name\":\"Tramitaci\u00f3n de escrituras y contratos\"}]},{\"@type\":\"WebSite\",\"@id\":\"https:\\\/\\\/asesoresmolina.com\\\/asesoria-empresas\\\/#website\",\"url\":\"https:\\\/\\\/asesoresmolina.com\\\/asesoria-empresas\\\/\",\"name\":\"Asesores Molina Fiscal Laboral Contable Econ\u00f3mico y Jur\u00eddico\",\"description\":\"Asesor\u00eda Ensanche Vallecas Villa Santa Eugenia\",\"potentialAction\":[{\"@type\":\"SearchAction\",\"target\":{\"@type\":\"EntryPoint\",\"urlTemplate\":\"https:\\\/\\\/asesoresmolina.com\\\/asesoria-empresas\\\/?s={search_term_string}\"},\"query-input\":{\"@type\":\"PropertyValueSpecification\",\"valueRequired\":true,\"valueName\":\"search_term_string\"}}],\"inLanguage\":\"es\"}]}<\/script>\n<!-- \/ Yoast SEO plugin. -->","yoast_head_json":{"title":"Tramitaci\u00f3n de escrituras y contratos - Asesores Molina Fiscal Laboral Contable Econ\u00f3mico y Jur\u00eddico","robots":{"index":"index","follow":"follow","max-snippet":"max-snippet:-1","max-image-preview":"max-image-preview:large","max-video-preview":"max-video-preview:-1"},"canonical":"https:\/\/asesoresmolina.com\/asesoria-empresas\/tramitacion-de-escrituras-y-contratos\/","og_locale":"es_ES","og_type":"article","og_title":"Tramitaci\u00f3n de escrituras y contratos - Asesores Molina Fiscal Laboral Contable Econ\u00f3mico y Jur\u00eddico","og_description":"Presentaci\u00f3n ante los registros de la propiedad y mercantiles, y oficinas liquidadoras de tributos de todo tipo de escrituras:\u00a0 Movimientos de capital de empresas, compraventa de participaciones y acciones. Ceses y nombramientos de administradores, renovaci\u00f3n de cargos, todo lo relativo a los estatutos sociales. Adjudicaciones de herencias, liquidaci\u00f3n de impuesto sobre sucesiones y tributos [&hellip;]","og_url":"https:\/\/asesoresmolina.com\/asesoria-empresas\/tramitacion-de-escrituras-y-contratos\/","og_site_name":"Asesores Molina Fiscal Laboral Contable Econ\u00f3mico y Jur\u00eddico","article_modified_time":"2018-12-18T09:43:27+00:00","twitter_card":"summary_large_image","twitter_misc":{"Tiempo de lectura":"1 minuto"},"schema":{"@context":"https:\/\/schema.org","@graph":[{"@type":"WebPage","@id":"https:\/\/asesoresmolina.com\/asesoria-empresas\/tramitacion-de-escrituras-y-contratos\/","url":"https:\/\/asesoresmolina.com\/asesoria-empresas\/tramitacion-de-escrituras-y-contratos\/","name":"Tramitaci\u00f3n de escrituras y contratos - Asesores Molina Fiscal Laboral Contable Econ\u00f3mico y Jur\u00eddico","isPartOf":{"@id":"https:\/\/asesoresmolina.com\/asesoria-empresas\/#website"},"datePublished":"2018-12-12T10:58:11+00:00","dateModified":"2018-12-18T09:43:27+00:00","breadcrumb":{"@id":"https:\/\/asesoresmolina.com\/asesoria-empresas\/tramitacion-de-escrituras-y-contratos\/#breadcrumb"},"inLanguage":"es","potentialAction":[{"@type":"ReadAction","target":["https:\/\/asesoresmolina.com\/asesoria-empresas\/tramitacion-de-escrituras-y-contratos\/"]}]},{"@type":"BreadcrumbList","@id":"https:\/\/asesoresmolina.com\/asesoria-empresas\/tramitacion-de-escrituras-y-contratos\/#breadcrumb","itemListElement":[{"@type":"ListItem","position":1,"name":"Portada","item":"https:\/\/asesoresmolina.com\/asesoria-empresas\/"},{"@type":"ListItem","position":2,"name":"Tramitaci\u00f3n de escrituras y contratos"}]},{"@type":"WebSite","@id":"https:\/\/asesoresmolina.com\/asesoria-empresas\/#website","url":"https:\/\/asesoresmolina.com\/asesoria-empresas\/","name":"Asesores Molina Fiscal Laboral Contable Econ\u00f3mico y Jur\u00eddico","description":"Asesor\u00eda Ensanche Vallecas Villa Santa Eugenia","potentialAction":[{"@type":"SearchAction","target":{"@type":"EntryPoint","urlTemplate":"https:\/\/asesoresmolina.com\/asesoria-empresas\/?s={search_term_string}"},"query-input":{"@type":"PropertyValueSpecification","valueRequired":true,"valueName":"search_term_string"}}],"inLanguage":"es"}]}},"_links":{"self":[{"href":"https:\/\/asesoresmolina.com\/asesoria-empresas\/wp-json\/wp\/v2\/pages\/23","targetHints":{"allow":["GET"]}}],"collection":[{"href":"https:\/\/asesoresmolina.com\/asesoria-empresas\/wp-json\/wp\/v2\/pages"}],"about":[{"href":"https:\/\/asesoresmolina.com\/asesoria-empresas\/wp-json\/wp\/v2\/types\/page"}],"author":[{"embeddable":true,"href":"https:\/\/asesoresmolina.com\/asesoria-empresas\/wp-json\/wp\/v2\/users\/1"}],"replies":[{"embeddable":true,"href":"https:\/\/asesoresmolina.com\/asesoria-empresas\/wp-json\/wp\/v2\/comments?post=23"}],"version-history":[{"count":0,"href":"https:\/\/asesoresmolina.com\/asesoria-empresas\/wp-json\/wp\/v2\/pages\/23\/revisions"}],"wp:attachment":[{"href":"https:\/\/asesoresmolina.com\/asesoria-empresas\/wp-json\/wp\/v2\/media?parent=23"}],"curies":[{"name":"wp","href":"https:\/\/api.w.org\/{rel}","templated":true}]}}