{"id":25,"date":"2018-12-12T10:58:45","date_gmt":"2018-12-12T10:58:45","guid":{"rendered":"https:\/\/asesoresmolina.com\/asesoria-empresas\/?page_id=25"},"modified":"2019-02-14T14:42:20","modified_gmt":"2019-02-14T14:42:20","slug":"area-fiscal","status":"publish","type":"page","link":"https:\/\/asesoresmolina.com\/asesoria-empresas\/area-fiscal\/","title":{"rendered":"\u00c1rea fiscal"},"content":{"rendered":"<p>[et_pb_section fb_built=\u00bb1&#8243; fullwidth=\u00bbon\u00bb _builder_version=\u00bb3.0.47&#8243;][et_pb_fullwidth_header title=\u00bb\u00c1rea fiscal\u00bb text_orientation=\u00bbcenter\u00bb _builder_version=\u00bb3.18.6&#8243; background_color=\u00bbrgba(14,76,141,0.6)\u00bb background_image=\u00bbhttps:\/\/asesoresmolina.com\/asesoria-empresas\/wp-content\/uploads\/2018\/12\/ensanche-vallecas-asesores.jpg\u00bb background_blend=\u00bbmultiply\u00bb custom_margin=\u00bb0px||0px|\u00bb custom_padding=\u00bb40px||40px|\u00bb][\/et_pb_fullwidth_header][\/et_pb_section][et_pb_section fb_built=\u00bb1&#8243; _builder_version=\u00bb3.0.47&#8243;][et_pb_row _builder_version=\u00bb3.0.48&#8243; background_size=\u00bbinitial\u00bb background_position=\u00bbtop_left\u00bb background_repeat=\u00bbrepeat\u00bb][et_pb_column type=\u00bb1_2&#8243; _builder_version=\u00bb3.0.47&#8243; parallax=\u00bboff\u00bb parallax_method=\u00bbon\u00bb][et_pb_text _builder_version=\u00bb3.19.11&#8243;]<\/p>\n<ul>\n<li>An\u00e1lisis previo del m\u00e9todo de tributaci\u00f3n m\u00e1s econ\u00f3mico y adaptado a su empresa.<\/li>\n<li>Asesoramiento continuo y vigilancia de las posibles variaciones que pudieran favorecer a la empresa.<\/li>\n<li>Liquidaciones trimestrales o mensuales, con presentaci\u00f3n telem\u00e1tica y domiciliaci\u00f3n en cuenta.<\/li>\n<li>Elaboraci\u00f3n y presentaci\u00f3n de res\u00famenes anuales y liquidaciones informativas.<\/li>\n<li>Defensa jur\u00eddica y asistencia a inspecciones. Preparaci\u00f3n de expediente a aportar a la inspecci\u00f3n y negociaci\u00f3n con el funcionario p\u00fablico.<\/li>\n<li>Elaboraci\u00f3n de escritos en tr\u00e1mite de alegaciones, recurso de reposici\u00f3n, y llegado el caso, reclamaciones al TEAR.<\/li>\n<li>Puesta al d\u00eda de nuestros clientes de toda la actualidad fiscal mediante circulares peri\u00f3dicas y contacto personalizado, con informaci\u00f3n de las novedades fiscales.<\/li>\n<\/ul>\n<p>[\/et_pb_text][\/et_pb_column][et_pb_column type=\u00bb1_2&#8243; _builder_version=\u00bb3.0.47&#8243; parallax=\u00bboff\u00bb parallax_method=\u00bbon\u00bb][et_pb_image src=\u00bbhttps:\/\/asesoresmolina.com\/asesoria-empresas\/wp-content\/uploads\/2018\/12\/asesoria-fiscal-vallecas-ensanche.jpg\u00bb _builder_version=\u00bb3.18.6&#8243; custom_padding=\u00bb30px|||\u00bb][\/et_pb_image][\/et_pb_column][\/et_pb_row][\/et_pb_section]<\/p>\n","protected":false},"excerpt":{"rendered":"<p>An\u00e1lisis previo del m\u00e9todo de tributaci\u00f3n m\u00e1s econ\u00f3mico y adaptado a su empresa. Asesoramiento continuo y vigilancia de las posibles variaciones que pudieran favorecer a la empresa. Liquidaciones trimestrales o mensuales, con presentaci\u00f3n telem\u00e1tica y domiciliaci\u00f3n en cuenta. Elaboraci\u00f3n y presentaci\u00f3n de res\u00famenes anuales y liquidaciones informativas. Defensa jur\u00eddica y asistencia a inspecciones. Preparaci\u00f3n de [&hellip;]<\/p>\n","protected":false},"author":1,"featured_media":0,"parent":0,"menu_order":0,"comment_status":"closed","ping_status":"closed","template":"","meta":{"_et_pb_use_builder":"on","_et_pb_old_content":"","_et_gb_content_width":"","footnotes":""},"class_list":["post-25","page","type-page","status-publish","hentry"],"yoast_head":"<!-- This site is optimized with the Yoast SEO plugin v27.5 - https:\/\/yoast.com\/product\/yoast-seo-wordpress\/ -->\n<title>\u00c1rea fiscal - Asesores Molina Fiscal Laboral Contable Econ\u00f3mico y Jur\u00eddico<\/title>\n<meta name=\"robots\" content=\"index, follow, max-snippet:-1, max-image-preview:large, max-video-preview:-1\" \/>\n<link rel=\"canonical\" href=\"https:\/\/asesoresmolina.com\/asesoria-empresas\/area-fiscal\/\" \/>\n<meta property=\"og:locale\" content=\"es_ES\" \/>\n<meta property=\"og:type\" content=\"article\" \/>\n<meta property=\"og:title\" content=\"\u00c1rea fiscal - Asesores Molina Fiscal Laboral Contable Econ\u00f3mico y Jur\u00eddico\" \/>\n<meta property=\"og:description\" content=\"An\u00e1lisis previo del m\u00e9todo de tributaci\u00f3n m\u00e1s econ\u00f3mico y adaptado a su empresa. Asesoramiento continuo y vigilancia de las posibles variaciones que pudieran favorecer a la empresa. Liquidaciones trimestrales o mensuales, con presentaci\u00f3n telem\u00e1tica y domiciliaci\u00f3n en cuenta. Elaboraci\u00f3n y presentaci\u00f3n de res\u00famenes anuales y liquidaciones informativas. Defensa jur\u00eddica y asistencia a inspecciones. Preparaci\u00f3n de [&hellip;]\" \/>\n<meta property=\"og:url\" content=\"https:\/\/asesoresmolina.com\/asesoria-empresas\/area-fiscal\/\" \/>\n<meta property=\"og:site_name\" content=\"Asesores Molina Fiscal Laboral Contable Econ\u00f3mico y Jur\u00eddico\" \/>\n<meta property=\"article:modified_time\" content=\"2019-02-14T14:42:20+00:00\" \/>\n<meta name=\"twitter:card\" content=\"summary_large_image\" \/>\n<meta name=\"twitter:label1\" content=\"Tiempo de lectura\" \/>\n\t<meta name=\"twitter:data1\" content=\"1 minuto\" \/>\n<script type=\"application\/ld+json\" class=\"yoast-schema-graph\">{\"@context\":\"https:\\\/\\\/schema.org\",\"@graph\":[{\"@type\":\"WebPage\",\"@id\":\"https:\\\/\\\/asesoresmolina.com\\\/asesoria-empresas\\\/area-fiscal\\\/\",\"url\":\"https:\\\/\\\/asesoresmolina.com\\\/asesoria-empresas\\\/area-fiscal\\\/\",\"name\":\"\u00c1rea fiscal - Asesores Molina Fiscal Laboral Contable Econ\u00f3mico y Jur\u00eddico\",\"isPartOf\":{\"@id\":\"https:\\\/\\\/asesoresmolina.com\\\/asesoria-empresas\\\/#website\"},\"datePublished\":\"2018-12-12T10:58:45+00:00\",\"dateModified\":\"2019-02-14T14:42:20+00:00\",\"breadcrumb\":{\"@id\":\"https:\\\/\\\/asesoresmolina.com\\\/asesoria-empresas\\\/area-fiscal\\\/#breadcrumb\"},\"inLanguage\":\"es\",\"potentialAction\":[{\"@type\":\"ReadAction\",\"target\":[\"https:\\\/\\\/asesoresmolina.com\\\/asesoria-empresas\\\/area-fiscal\\\/\"]}]},{\"@type\":\"BreadcrumbList\",\"@id\":\"https:\\\/\\\/asesoresmolina.com\\\/asesoria-empresas\\\/area-fiscal\\\/#breadcrumb\",\"itemListElement\":[{\"@type\":\"ListItem\",\"position\":1,\"name\":\"Portada\",\"item\":\"https:\\\/\\\/asesoresmolina.com\\\/asesoria-empresas\\\/\"},{\"@type\":\"ListItem\",\"position\":2,\"name\":\"\u00c1rea fiscal\"}]},{\"@type\":\"WebSite\",\"@id\":\"https:\\\/\\\/asesoresmolina.com\\\/asesoria-empresas\\\/#website\",\"url\":\"https:\\\/\\\/asesoresmolina.com\\\/asesoria-empresas\\\/\",\"name\":\"Asesores Molina Fiscal Laboral Contable Econ\u00f3mico y Jur\u00eddico\",\"description\":\"Asesor\u00eda Ensanche Vallecas Villa Santa Eugenia\",\"potentialAction\":[{\"@type\":\"SearchAction\",\"target\":{\"@type\":\"EntryPoint\",\"urlTemplate\":\"https:\\\/\\\/asesoresmolina.com\\\/asesoria-empresas\\\/?s={search_term_string}\"},\"query-input\":{\"@type\":\"PropertyValueSpecification\",\"valueRequired\":true,\"valueName\":\"search_term_string\"}}],\"inLanguage\":\"es\"}]}<\/script>\n<!-- \/ Yoast SEO plugin. -->","yoast_head_json":{"title":"\u00c1rea fiscal - Asesores Molina Fiscal Laboral Contable Econ\u00f3mico y Jur\u00eddico","robots":{"index":"index","follow":"follow","max-snippet":"max-snippet:-1","max-image-preview":"max-image-preview:large","max-video-preview":"max-video-preview:-1"},"canonical":"https:\/\/asesoresmolina.com\/asesoria-empresas\/area-fiscal\/","og_locale":"es_ES","og_type":"article","og_title":"\u00c1rea fiscal - Asesores Molina Fiscal Laboral Contable Econ\u00f3mico y Jur\u00eddico","og_description":"An\u00e1lisis previo del m\u00e9todo de tributaci\u00f3n m\u00e1s econ\u00f3mico y adaptado a su empresa. Asesoramiento continuo y vigilancia de las posibles variaciones que pudieran favorecer a la empresa. Liquidaciones trimestrales o mensuales, con presentaci\u00f3n telem\u00e1tica y domiciliaci\u00f3n en cuenta. Elaboraci\u00f3n y presentaci\u00f3n de res\u00famenes anuales y liquidaciones informativas. Defensa jur\u00eddica y asistencia a inspecciones. Preparaci\u00f3n de [&hellip;]","og_url":"https:\/\/asesoresmolina.com\/asesoria-empresas\/area-fiscal\/","og_site_name":"Asesores Molina Fiscal Laboral Contable Econ\u00f3mico y Jur\u00eddico","article_modified_time":"2019-02-14T14:42:20+00:00","twitter_card":"summary_large_image","twitter_misc":{"Tiempo de lectura":"1 minuto"},"schema":{"@context":"https:\/\/schema.org","@graph":[{"@type":"WebPage","@id":"https:\/\/asesoresmolina.com\/asesoria-empresas\/area-fiscal\/","url":"https:\/\/asesoresmolina.com\/asesoria-empresas\/area-fiscal\/","name":"\u00c1rea fiscal - Asesores Molina Fiscal Laboral Contable Econ\u00f3mico y Jur\u00eddico","isPartOf":{"@id":"https:\/\/asesoresmolina.com\/asesoria-empresas\/#website"},"datePublished":"2018-12-12T10:58:45+00:00","dateModified":"2019-02-14T14:42:20+00:00","breadcrumb":{"@id":"https:\/\/asesoresmolina.com\/asesoria-empresas\/area-fiscal\/#breadcrumb"},"inLanguage":"es","potentialAction":[{"@type":"ReadAction","target":["https:\/\/asesoresmolina.com\/asesoria-empresas\/area-fiscal\/"]}]},{"@type":"BreadcrumbList","@id":"https:\/\/asesoresmolina.com\/asesoria-empresas\/area-fiscal\/#breadcrumb","itemListElement":[{"@type":"ListItem","position":1,"name":"Portada","item":"https:\/\/asesoresmolina.com\/asesoria-empresas\/"},{"@type":"ListItem","position":2,"name":"\u00c1rea fiscal"}]},{"@type":"WebSite","@id":"https:\/\/asesoresmolina.com\/asesoria-empresas\/#website","url":"https:\/\/asesoresmolina.com\/asesoria-empresas\/","name":"Asesores Molina Fiscal Laboral Contable Econ\u00f3mico y Jur\u00eddico","description":"Asesor\u00eda Ensanche Vallecas Villa Santa Eugenia","potentialAction":[{"@type":"SearchAction","target":{"@type":"EntryPoint","urlTemplate":"https:\/\/asesoresmolina.com\/asesoria-empresas\/?s={search_term_string}"},"query-input":{"@type":"PropertyValueSpecification","valueRequired":true,"valueName":"search_term_string"}}],"inLanguage":"es"}]}},"_links":{"self":[{"href":"https:\/\/asesoresmolina.com\/asesoria-empresas\/wp-json\/wp\/v2\/pages\/25","targetHints":{"allow":["GET"]}}],"collection":[{"href":"https:\/\/asesoresmolina.com\/asesoria-empresas\/wp-json\/wp\/v2\/pages"}],"about":[{"href":"https:\/\/asesoresmolina.com\/asesoria-empresas\/wp-json\/wp\/v2\/types\/page"}],"author":[{"embeddable":true,"href":"https:\/\/asesoresmolina.com\/asesoria-empresas\/wp-json\/wp\/v2\/users\/1"}],"replies":[{"embeddable":true,"href":"https:\/\/asesoresmolina.com\/asesoria-empresas\/wp-json\/wp\/v2\/comments?post=25"}],"version-history":[{"count":0,"href":"https:\/\/asesoresmolina.com\/asesoria-empresas\/wp-json\/wp\/v2\/pages\/25\/revisions"}],"wp:attachment":[{"href":"https:\/\/asesoresmolina.com\/asesoria-empresas\/wp-json\/wp\/v2\/media?parent=25"}],"curies":[{"name":"wp","href":"https:\/\/api.w.org\/{rel}","templated":true}]}}