{"id":31,"date":"2018-12-12T11:00:03","date_gmt":"2018-12-12T11:00:03","guid":{"rendered":"https:\/\/asesoresmolina.com\/asesoria-empresas\/?page_id=31"},"modified":"2018-12-18T10:28:17","modified_gmt":"2018-12-18T10:28:17","slug":"area-economica-y-contable","status":"publish","type":"page","link":"https:\/\/asesoresmolina.com\/asesoria-empresas\/area-economica-y-contable\/","title":{"rendered":"\u00c1rea econ\u00f3mica y contable"},"content":{"rendered":"<p>[et_pb_section bb_built=\u00bb1&#8243; fullwidth=\u00bbon\u00bb specialty=\u00bboff\u00bb next_background_color=\u00bb#000000&#8243;][et_pb_fullwidth_header _builder_version=\u00bb3.18.6&#8243; title=\u00bb\u00c1rea econ\u00f3mica y contable\u00bb text_orientation=\u00bbcenter\u00bb custom_margin=\u00bb0px||0px|\u00bb custom_padding=\u00bb40px||40px|\u00bb background_color=\u00bbrgba(14,76,141,0.6)\u00bb background_image=\u00bbhttps:\/\/asesoresmolina.com\/asesoria-empresas\/wp-content\/uploads\/2018\/12\/ensanche-vallecas-asesores.jpg\u00bb background_blend=\u00bbmultiply\u00bb \/][\/et_pb_section][et_pb_section bb_built=\u00bb1&#8243; prev_background_color=\u00bb#000000&#8243;][et_pb_row][et_pb_column type=\u00bb1_2&#8243;][et_pb_text _builder_version=\u00bb3.18.6&#8243; custom_padding=\u00bb0px|||\u00bb]<\/p>\n<ul>\n<li>Confecci\u00f3n de la contabilidad en base a los datos e informaci\u00f3n facilitada por la empresa o seguimiento de la contabilidad elaborada en sus oficinas, con apoyo inmediato en las consultas planteadas.<\/li>\n<li>Elaboraci\u00f3n y presentaci\u00f3n en los registros oportunos de los Estados Financieros, Cuentas Anuales y Libros de Contabilidad.<\/li>\n<li>An\u00e1lisis de balances, estudio econ\u00f3mico y de viabilidad de la empresa.<\/li>\n<li>Vigilancia de situaci\u00f3n patrimonial y posibles responsabilidades de los administradores.<\/li>\n<li>Elaboraci\u00f3n de balances para entidades financieras y otros organismos oficiales.<\/li>\n<li>Estudios de costes directos e indirectos, con especial an\u00e1lisis de los costes de personal.<\/li>\n<li>Elaboraci\u00f3n de cuentas de resultados peri\u00f3dicas.<\/li>\n<\/ul>\n<p>[\/et_pb_text][\/et_pb_column][et_pb_column type=\u00bb1_2&#8243;][et_pb_image _builder_version=\u00bb3.18.6&#8243; src=\u00bbhttps:\/\/asesoresmolina.com\/asesoria-empresas\/wp-content\/uploads\/2018\/12\/asesoria-contable-ensanche-vallecas.jpg\u00bb align=\u00bbcenter\u00bb custom_padding=\u00bb0px|||\u00bb \/][\/et_pb_column][\/et_pb_row][\/et_pb_section]<\/p>\n","protected":false},"excerpt":{"rendered":"<p><div class=\"et_pb_row et_pb_row_0 et_pb_row_empty\">\n\t\t\t\t\n\t\t\t\t\n\t\t\t\t\n\t\t\t\t\n\t\t\t\t\n\t\t\t<\/div> Confecci\u00f3n de la contabilidad en base a los datos e informaci\u00f3n facilitada por la empresa o seguimiento de la contabilidad elaborada en sus oficinas, con apoyo inmediato en las consultas planteadas. Elaboraci\u00f3n y presentaci\u00f3n en los registros oportunos de los Estados Financieros, Cuentas Anuales y Libros de Contabilidad. An\u00e1lisis de balances, estudio econ\u00f3mico y [&hellip;]<\/p>\n","protected":false},"author":1,"featured_media":0,"parent":0,"menu_order":0,"comment_status":"closed","ping_status":"closed","template":"","meta":{"_et_pb_use_builder":"on","_et_pb_old_content":"","_et_gb_content_width":"","footnotes":""},"class_list":["post-31","page","type-page","status-publish","hentry"],"yoast_head":"<!-- This site is optimized with the Yoast SEO plugin v27.6 - https:\/\/yoast.com\/product\/yoast-seo-wordpress\/ -->\n<title>\u00c1rea econ\u00f3mica y contable - Asesores Molina Fiscal Laboral Contable Econ\u00f3mico y Jur\u00eddico<\/title>\n<meta name=\"robots\" content=\"index, follow, max-snippet:-1, max-image-preview:large, max-video-preview:-1\" \/>\n<link rel=\"canonical\" href=\"https:\/\/asesoresmolina.com\/asesoria-empresas\/area-economica-y-contable\/\" \/>\n<meta property=\"og:locale\" content=\"es_ES\" \/>\n<meta property=\"og:type\" content=\"article\" \/>\n<meta property=\"og:title\" content=\"\u00c1rea econ\u00f3mica y contable - Asesores Molina Fiscal Laboral Contable Econ\u00f3mico y Jur\u00eddico\" \/>\n<meta property=\"og:description\" content=\"Confecci\u00f3n de la contabilidad en base a los datos e informaci\u00f3n facilitada por la empresa o seguimiento de la contabilidad elaborada en sus oficinas, con apoyo inmediato en las consultas planteadas. Elaboraci\u00f3n y presentaci\u00f3n en los registros oportunos de los Estados Financieros, Cuentas Anuales y Libros de Contabilidad. An\u00e1lisis de balances, estudio econ\u00f3mico y [&hellip;]\" \/>\n<meta property=\"og:url\" content=\"https:\/\/asesoresmolina.com\/asesoria-empresas\/area-economica-y-contable\/\" \/>\n<meta property=\"og:site_name\" content=\"Asesores Molina Fiscal Laboral Contable Econ\u00f3mico y Jur\u00eddico\" \/>\n<meta property=\"article:modified_time\" content=\"2018-12-18T10:28:17+00:00\" \/>\n<meta name=\"twitter:card\" content=\"summary_large_image\" \/>\n<meta name=\"twitter:label1\" content=\"Tiempo de lectura\" \/>\n\t<meta name=\"twitter:data1\" content=\"1 minuto\" \/>\n<script type=\"application\/ld+json\" class=\"yoast-schema-graph\">{\"@context\":\"https:\\\/\\\/schema.org\",\"@graph\":[{\"@type\":\"WebPage\",\"@id\":\"https:\\\/\\\/asesoresmolina.com\\\/asesoria-empresas\\\/area-economica-y-contable\\\/\",\"url\":\"https:\\\/\\\/asesoresmolina.com\\\/asesoria-empresas\\\/area-economica-y-contable\\\/\",\"name\":\"\u00c1rea econ\u00f3mica y contable - Asesores Molina Fiscal Laboral Contable Econ\u00f3mico y Jur\u00eddico\",\"isPartOf\":{\"@id\":\"https:\\\/\\\/asesoresmolina.com\\\/asesoria-empresas\\\/#website\"},\"datePublished\":\"2018-12-12T11:00:03+00:00\",\"dateModified\":\"2018-12-18T10:28:17+00:00\",\"breadcrumb\":{\"@id\":\"https:\\\/\\\/asesoresmolina.com\\\/asesoria-empresas\\\/area-economica-y-contable\\\/#breadcrumb\"},\"inLanguage\":\"es\",\"potentialAction\":[{\"@type\":\"ReadAction\",\"target\":[\"https:\\\/\\\/asesoresmolina.com\\\/asesoria-empresas\\\/area-economica-y-contable\\\/\"]}]},{\"@type\":\"BreadcrumbList\",\"@id\":\"https:\\\/\\\/asesoresmolina.com\\\/asesoria-empresas\\\/area-economica-y-contable\\\/#breadcrumb\",\"itemListElement\":[{\"@type\":\"ListItem\",\"position\":1,\"name\":\"Portada\",\"item\":\"https:\\\/\\\/asesoresmolina.com\\\/asesoria-empresas\\\/\"},{\"@type\":\"ListItem\",\"position\":2,\"name\":\"\u00c1rea econ\u00f3mica y contable\"}]},{\"@type\":\"WebSite\",\"@id\":\"https:\\\/\\\/asesoresmolina.com\\\/asesoria-empresas\\\/#website\",\"url\":\"https:\\\/\\\/asesoresmolina.com\\\/asesoria-empresas\\\/\",\"name\":\"Asesores Molina Fiscal Laboral Contable Econ\u00f3mico y Jur\u00eddico\",\"description\":\"Asesor\u00eda Ensanche Vallecas Villa Santa Eugenia\",\"potentialAction\":[{\"@type\":\"SearchAction\",\"target\":{\"@type\":\"EntryPoint\",\"urlTemplate\":\"https:\\\/\\\/asesoresmolina.com\\\/asesoria-empresas\\\/?s={search_term_string}\"},\"query-input\":{\"@type\":\"PropertyValueSpecification\",\"valueRequired\":true,\"valueName\":\"search_term_string\"}}],\"inLanguage\":\"es\"}]}<\/script>\n<!-- \/ Yoast SEO plugin. -->","yoast_head_json":{"title":"\u00c1rea econ\u00f3mica y contable - Asesores Molina Fiscal Laboral Contable Econ\u00f3mico y Jur\u00eddico","robots":{"index":"index","follow":"follow","max-snippet":"max-snippet:-1","max-image-preview":"max-image-preview:large","max-video-preview":"max-video-preview:-1"},"canonical":"https:\/\/asesoresmolina.com\/asesoria-empresas\/area-economica-y-contable\/","og_locale":"es_ES","og_type":"article","og_title":"\u00c1rea econ\u00f3mica y contable - Asesores Molina Fiscal Laboral Contable Econ\u00f3mico y Jur\u00eddico","og_description":"Confecci\u00f3n de la contabilidad en base a los datos e informaci\u00f3n facilitada por la empresa o seguimiento de la contabilidad elaborada en sus oficinas, con apoyo inmediato en las consultas planteadas. Elaboraci\u00f3n y presentaci\u00f3n en los registros oportunos de los Estados Financieros, Cuentas Anuales y Libros de Contabilidad. An\u00e1lisis de balances, estudio econ\u00f3mico y [&hellip;]","og_url":"https:\/\/asesoresmolina.com\/asesoria-empresas\/area-economica-y-contable\/","og_site_name":"Asesores Molina Fiscal Laboral Contable Econ\u00f3mico y Jur\u00eddico","article_modified_time":"2018-12-18T10:28:17+00:00","twitter_card":"summary_large_image","twitter_misc":{"Tiempo de lectura":"1 minuto"},"schema":{"@context":"https:\/\/schema.org","@graph":[{"@type":"WebPage","@id":"https:\/\/asesoresmolina.com\/asesoria-empresas\/area-economica-y-contable\/","url":"https:\/\/asesoresmolina.com\/asesoria-empresas\/area-economica-y-contable\/","name":"\u00c1rea econ\u00f3mica y contable - Asesores Molina Fiscal Laboral Contable Econ\u00f3mico y Jur\u00eddico","isPartOf":{"@id":"https:\/\/asesoresmolina.com\/asesoria-empresas\/#website"},"datePublished":"2018-12-12T11:00:03+00:00","dateModified":"2018-12-18T10:28:17+00:00","breadcrumb":{"@id":"https:\/\/asesoresmolina.com\/asesoria-empresas\/area-economica-y-contable\/#breadcrumb"},"inLanguage":"es","potentialAction":[{"@type":"ReadAction","target":["https:\/\/asesoresmolina.com\/asesoria-empresas\/area-economica-y-contable\/"]}]},{"@type":"BreadcrumbList","@id":"https:\/\/asesoresmolina.com\/asesoria-empresas\/area-economica-y-contable\/#breadcrumb","itemListElement":[{"@type":"ListItem","position":1,"name":"Portada","item":"https:\/\/asesoresmolina.com\/asesoria-empresas\/"},{"@type":"ListItem","position":2,"name":"\u00c1rea econ\u00f3mica y contable"}]},{"@type":"WebSite","@id":"https:\/\/asesoresmolina.com\/asesoria-empresas\/#website","url":"https:\/\/asesoresmolina.com\/asesoria-empresas\/","name":"Asesores Molina Fiscal Laboral Contable Econ\u00f3mico y Jur\u00eddico","description":"Asesor\u00eda Ensanche Vallecas Villa Santa Eugenia","potentialAction":[{"@type":"SearchAction","target":{"@type":"EntryPoint","urlTemplate":"https:\/\/asesoresmolina.com\/asesoria-empresas\/?s={search_term_string}"},"query-input":{"@type":"PropertyValueSpecification","valueRequired":true,"valueName":"search_term_string"}}],"inLanguage":"es"}]}},"_links":{"self":[{"href":"https:\/\/asesoresmolina.com\/asesoria-empresas\/wp-json\/wp\/v2\/pages\/31","targetHints":{"allow":["GET"]}}],"collection":[{"href":"https:\/\/asesoresmolina.com\/asesoria-empresas\/wp-json\/wp\/v2\/pages"}],"about":[{"href":"https:\/\/asesoresmolina.com\/asesoria-empresas\/wp-json\/wp\/v2\/types\/page"}],"author":[{"embeddable":true,"href":"https:\/\/asesoresmolina.com\/asesoria-empresas\/wp-json\/wp\/v2\/users\/1"}],"replies":[{"embeddable":true,"href":"https:\/\/asesoresmolina.com\/asesoria-empresas\/wp-json\/wp\/v2\/comments?post=31"}],"version-history":[{"count":0,"href":"https:\/\/asesoresmolina.com\/asesoria-empresas\/wp-json\/wp\/v2\/pages\/31\/revisions"}],"wp:attachment":[{"href":"https:\/\/asesoresmolina.com\/asesoria-empresas\/wp-json\/wp\/v2\/media?parent=31"}],"curies":[{"name":"wp","href":"https:\/\/api.w.org\/{rel}","templated":true}]}}